{"id":14,"date":"2012-09-17T08:53:57","date_gmt":"2012-09-17T06:53:57","guid":{"rendered":"http:\/\/www.urbem.eu\/wordpress\/?page_id=14"},"modified":"2019-04-26T10:10:38","modified_gmt":"2019-04-26T08:10:38","slug":"industrial","status":"publish","type":"page","link":"https:\/\/www.urbem.eu\/wordpress\/?page_id=14","title":{"rendered":"Industrial"},"content":{"rendered":"<h4>P: Proyecto; D: Direcci\u00f3n de Obra<\/h4>\n<ul>\n<li><a href=\"http:\/\/www.urbem.eu\/wordpress\/?page_id=450\">Proyecto B\u00e1sico de nave industrial en Polanco: P<\/a><\/li>\n<li><a href=\"http:\/\/www.urbem.eu\/wordpress\/?page_id=444\" target=\"_blank\" rel=\"noopener noreferrer\">Nave industrial y edificio de oficinas en Ambrosero. B\u00e1rcena de Cicero, Cantabria: P, DO<\/a><\/li>\n<li><a href=\"http:\/\/www.urbem.eu\/wordpress\/?page_id=624\">Mini pol\u00edgono industrial de naves nido en Bezana, Cantabria: P, DO<\/a><\/li>\n<li>10 naves industriales. Igollo de Camargo, Cantabria: P, DO<\/li>\n<li>8 naves industriales en Soto de la Marina. Santa Cruz de Bezana, Cantabria: P, DO<\/li>\n<\/ul>\n","protected":false},"excerpt":{"rendered":"<p>P: Proyecto; D: Direcci\u00f3n de Obra Proyecto B\u00e1sico de nave industrial en Polanco: P Nave industrial y edificio de oficinas en Ambrosero. B\u00e1rcena de Cicero, Cantabria: P, DO Mini pol\u00edgono industrial de naves nido en Bezana, Cantabria: P, DO 10 naves industriales. Igollo de Camargo, Cantabria: P, DO 8 naves industriales en Soto de la [&hellip;]<\/p>\n","protected":false},"author":1,"featured_media":0,"parent":0,"menu_order":0,"comment_status":"closed","ping_status":"closed","template":"page-templates\/full-width.php","meta":{"footnotes":""},"class_list":["post-14","page","type-page","status-publish","hentry"],"_links":{"self":[{"href":"https:\/\/www.urbem.eu\/wordpress\/index.php?rest_route=\/wp\/v2\/pages\/14","targetHints":{"allow":["GET"]}}],"collection":[{"href":"https:\/\/www.urbem.eu\/wordpress\/index.php?rest_route=\/wp\/v2\/pages"}],"about":[{"href":"https:\/\/www.urbem.eu\/wordpress\/index.php?rest_route=\/wp\/v2\/types\/page"}],"author":[{"embeddable":true,"href":"https:\/\/www.urbem.eu\/wordpress\/index.php?rest_route=\/wp\/v2\/users\/1"}],"replies":[{"embeddable":true,"href":"https:\/\/www.urbem.eu\/wordpress\/index.php?rest_route=%2Fwp%2Fv2%2Fcomments&post=14"}],"version-history":[{"count":7,"href":"https:\/\/www.urbem.eu\/wordpress\/index.php?rest_route=\/wp\/v2\/pages\/14\/revisions"}],"predecessor-version":[{"id":1862,"href":"https:\/\/www.urbem.eu\/wordpress\/index.php?rest_route=\/wp\/v2\/pages\/14\/revisions\/1862"}],"wp:attachment":[{"href":"https:\/\/www.urbem.eu\/wordpress\/index.php?rest_route=%2Fwp%2Fv2%2Fmedia&parent=14"}],"curies":[{"name":"wp","href":"https:\/\/api.w.org\/{rel}","templated":true}]}}