{"id":1509,"date":"2017-01-23T10:45:01","date_gmt":"2017-01-23T09:45:01","guid":{"rendered":"http:\/\/www.urbem.eu\/wordpress\/?page_id=1509"},"modified":"2021-03-11T10:14:59","modified_gmt":"2021-03-11T09:14:59","slug":"mru","status":"publish","type":"page","link":"https:\/\/www.urbem.eu\/wordpress\/?page_id=1509","title":{"rendered":"Movilidad y renovaci\u00f3n urbana"},"content":{"rendered":"<h4 style=\"padding-left: 30px;\"><strong>P: PROYECTO; <\/strong><strong>DO: DIRECCI\u00d3N DE OBRA<\/strong><\/h4>\n<ul>\n<li style=\"list-style-type: none;\">\n<ul>\n<li style=\"padding-left: 30px;\"><a href=\"https:\/\/www.urbem.eu\/wordpress\/?p=1760\" target=\"_blank\" rel=\"noopener noreferrer\">Proyecto de reordenaci\u00f3n y pavimentaci\u00f3n de los barrios San Francisco y San Luis: P, DO<\/a><\/li>\n<\/ul>\n<\/li>\n<\/ul>\n<ul>\n<li style=\"list-style-type: none;\">\n<ul>\n<li style=\"padding-left: 30px;\"><a href=\"http:\/\/www.urbem.eu\/wordpress\/?page_id=755\">Proyecto de mejora de la movilidad entre la c\/ Alta y la c\/ Castilla: P<\/a><\/li>\n<\/ul>\n<\/li>\n<\/ul>\n<ul>\n<li style=\"list-style-type: none;\">\n<ul>\n<li style=\"padding-left: 30px;\"><a href=\"http:\/\/www.urbem.eu\/wordpress\/?page_id=426\">Proyecto de ejecuci\u00f3n de paso inferior en el Paseo de General D\u00e1vila, en la confluencia con Camilo Alonso Vega: P<\/a><\/li>\n<\/ul>\n<\/li>\n<\/ul>\n<ul>\n<li style=\"list-style-type: none;\">\n<ul>\n<li style=\"padding-left: 30px;\"><a href=\"http:\/\/www.urbem.eu\/wordpress\/?page_id=407\">Colaboraci\u00f3n en el Proyecto de Paso Inferior en el muelle de Santander: P<\/a><\/li>\n<\/ul>\n<\/li>\n<\/ul>\n<ul>\n<li style=\"list-style-type: none;\">\n<ul>\n<li style=\"padding-left: 30px;\"><a href=\"http:\/\/www.urbem.eu\/wordpress\/?page_id=218\">Proyecto de renovaci\u00f3n urbana del grupo Benidorm: P<\/a><\/li>\n<\/ul>\n<\/li>\n<\/ul>\n<ul>\n<li style=\"list-style-type: none;\">\n<ul>\n<li style=\"padding-left: 30px;\"><a href=\"http:\/\/www.urbem.eu\/wordpress\/?page_id=392\">Proyecto de construcci\u00f3n de vial de conexi\u00f3n en la S-20 con la Avenida de los Castros: P, DO<\/a><\/li>\n<\/ul>\n<\/li>\n<\/ul>\n<ul>\n<li style=\"list-style-type: none;\">\n<ul>\n<li style=\"padding-left: 30px;\"><a href=\"http:\/\/www.urbem.eu\/wordpress\/?page_id=221\">Proyectos de apertura de las calles Prado San Roque, Miralmar, La Monta\u00f1esa y Miguel de Unamuno: P<\/a><\/li>\n<\/ul>\n<\/li>\n<\/ul>\n<ul>\n<li style=\"list-style-type: none;\">\n<ul>\n<li style=\"padding-left: 30px;\">Proyecto de itinerario peatonal entre Beranga y Hazas de Cesto. Cantabria: P<\/li>\n<\/ul>\n<\/li>\n<\/ul>\n<ul>\n<li style=\"list-style-type: none;\">\n<ul>\n<li style=\"padding-left: 30px;\">Proyecto de pavimentaci\u00f3n y conexi\u00f3n de las calles Francisco Iturrino y Rafael Als\u00faa: P<\/li>\n<\/ul>\n<\/li>\n<\/ul>\n<ul>\n<li style=\"list-style-type: none;\">\n<ul>\n<li style=\"padding-left: 30px;\">Proyecto de ordenaci\u00f3n y urbanizaci\u00f3n de terreno entre las calles Colombia y Justicia, para aparcamiento en superficie de veh\u00edculos y pavimentaci\u00f3n de acera en la calle Justicia: P<\/li>\n<li>\u00a0\u00a0\u00a0\u00a0\u00a0\u00a0\u00a0 <a href=\"http:\/\/www.urbem.eu\/wordpress\/?p=1675\" target=\"_blank\" rel=\"noopener noreferrer\">Propuestas a realizar en el carril bici del Bulevar Ronda, \u00a0 Torrelavega. Cantabria<\/a><\/li>\n<li>\u00a0 \u00a0 \u00a0 \u00a0 <a href=\"https:\/\/www.urbem.eu\/wordpress\/?p=1831\" target=\"_blank\" rel=\"noopener noreferrer\">Proyecto de renovaci\u00f3n integral de la calle Magallanes: P, DO<\/a><\/li>\n<li><a href=\"https:\/\/www.urbem.eu\/wordpress\/?p=1938\" target=\"_blank\" rel=\"noopener noreferrer\">Proyecto de Renovaci\u00f3n de las calles Beato de Li\u00e9bana, La Fol\u00eda y Las Marzas: P, DO<\/a><\/li>\n<\/ul>\n<\/li>\n<\/ul>\n\n\n<p><\/p>\n","protected":false},"excerpt":{"rendered":"<p>P: PROYECTO; DO: DIRECCI\u00d3N DE OBRA Proyecto de reordenaci\u00f3n y pavimentaci\u00f3n de los barrios San Francisco y San Luis: P, DO Proyecto de mejora de la movilidad entre la c\/ Alta y la c\/ Castilla: P Proyecto de ejecuci\u00f3n de paso inferior en el Paseo de General D\u00e1vila, en la confluencia con Camilo Alonso Vega: [&hellip;]<\/p>\n","protected":false},"author":1,"featured_media":0,"parent":0,"menu_order":0,"comment_status":"closed","ping_status":"closed","template":"","meta":{"footnotes":""},"class_list":["post-1509","page","type-page","status-publish","hentry"],"_links":{"self":[{"href":"https:\/\/www.urbem.eu\/wordpress\/index.php?rest_route=\/wp\/v2\/pages\/1509","targetHints":{"allow":["GET"]}}],"collection":[{"href":"https:\/\/www.urbem.eu\/wordpress\/index.php?rest_route=\/wp\/v2\/pages"}],"about":[{"href":"https:\/\/www.urbem.eu\/wordpress\/index.php?rest_route=\/wp\/v2\/types\/page"}],"author":[{"embeddable":true,"href":"https:\/\/www.urbem.eu\/wordpress\/index.php?rest_route=\/wp\/v2\/users\/1"}],"replies":[{"embeddable":true,"href":"https:\/\/www.urbem.eu\/wordpress\/index.php?rest_route=%2Fwp%2Fv2%2Fcomments&post=1509"}],"version-history":[{"count":13,"href":"https:\/\/www.urbem.eu\/wordpress\/index.php?rest_route=\/wp\/v2\/pages\/1509\/revisions"}],"predecessor-version":[{"id":2277,"href":"https:\/\/www.urbem.eu\/wordpress\/index.php?rest_route=\/wp\/v2\/pages\/1509\/revisions\/2277"}],"wp:attachment":[{"href":"https:\/\/www.urbem.eu\/wordpress\/index.php?rest_route=%2Fwp%2Fv2%2Fmedia&parent=1509"}],"curies":[{"name":"wp","href":"https:\/\/api.w.org\/{rel}","templated":true}]}}