{"id":407,"date":"2013-01-17T12:27:46","date_gmt":"2013-01-17T11:27:46","guid":{"rendered":"http:\/\/www.urbem.eu\/wordpress\/?page_id=407"},"modified":"2015-12-09T12:26:23","modified_gmt":"2015-12-09T11:26:23","slug":"paso-inferior-del-muelle-de-santander-colaboracion","status":"publish","type":"page","link":"https:\/\/www.urbem.eu\/wordpress\/?page_id=407","title":{"rendered":"Paso inferior del muelle de Santander (Colaboraci\u00f3n)."},"content":{"rendered":"<h1>Santander, Cantabria.<\/h1>\n<p>Anteproyecto.<\/p>\n<p>Proyecto de construcci\u00f3n: Colaboraci\u00f3n en la definici\u00f3n de afeccionesy reposiciones de los servicios afectados. Red de saneamiento.<\/p>\n<p>A\u00f1o de redacci\u00f3n: 2012<\/p>\n<p>Cliente:Fundaci\u00f3n Bot\u00edn<\/p>\n<p>Descripci\u00f3n gr\u00e1fica:<\/p>\n<p><a href=\"http:\/\/www.urbem.eu\/wordpress\/?attachment_id=411\" rel=\"attachment wp-att-411\"><img loading=\"lazy\" decoding=\"async\" class=\" size-full wp-image-411 aligncenter\" src=\"http:\/\/www.urbem.eu\/wordpress\/wp-content\/uploads\/2013\/01\/PASO_INF.jpg\" alt=\"PASO_INF\" width=\"564\" height=\"412\" \/><\/a><\/p>\n<p>&nbsp;<\/p>\n<figure id=\"attachment_1302\" aria-describedby=\"caption-attachment-1302\" style=\"width: 1000px\" class=\"wp-caption aligncenter\"><img loading=\"lazy\" decoding=\"async\" class=\"wp-image-1302 size-full\" src=\"http:\/\/www.urbem.eu\/wordpress\/wp-content\/uploads\/2013\/01\/TUNEL_CB.jpg\" alt=\"TUNEL_CB\" width=\"1000\" height=\"581\" srcset=\"https:\/\/www.urbem.eu\/wordpress\/wp-content\/uploads\/2013\/01\/TUNEL_CB.jpg 1000w, https:\/\/www.urbem.eu\/wordpress\/wp-content\/uploads\/2013\/01\/TUNEL_CB-300x174.jpg 300w, https:\/\/www.urbem.eu\/wordpress\/wp-content\/uploads\/2013\/01\/TUNEL_CB-768x446.jpg 768w\" sizes=\"auto, (max-width: 1000px) 100vw, 1000px\" \/><figcaption id=\"caption-attachment-1302\" class=\"wp-caption-text\">Boca Oeste del paso inferior<\/figcaption><\/figure>\n","protected":false},"excerpt":{"rendered":"<p>Santander, Cantabria. Anteproyecto. Proyecto de construcci\u00f3n: Colaboraci\u00f3n en la definici\u00f3n de afeccionesy reposiciones de los servicios afectados. Red de saneamiento. A\u00f1o de redacci\u00f3n: 2012 Cliente:Fundaci\u00f3n Bot\u00edn Descripci\u00f3n gr\u00e1fica: &nbsp;<\/p>\n","protected":false},"author":1,"featured_media":0,"parent":0,"menu_order":0,"comment_status":"closed","ping_status":"closed","template":"page-templates\/full-width.php","meta":{"footnotes":""},"class_list":["post-407","page","type-page","status-publish","hentry"],"_links":{"self":[{"href":"https:\/\/www.urbem.eu\/wordpress\/index.php?rest_route=\/wp\/v2\/pages\/407","targetHints":{"allow":["GET"]}}],"collection":[{"href":"https:\/\/www.urbem.eu\/wordpress\/index.php?rest_route=\/wp\/v2\/pages"}],"about":[{"href":"https:\/\/www.urbem.eu\/wordpress\/index.php?rest_route=\/wp\/v2\/types\/page"}],"author":[{"embeddable":true,"href":"https:\/\/www.urbem.eu\/wordpress\/index.php?rest_route=\/wp\/v2\/users\/1"}],"replies":[{"embeddable":true,"href":"https:\/\/www.urbem.eu\/wordpress\/index.php?rest_route=%2Fwp%2Fv2%2Fcomments&post=407"}],"version-history":[{"count":4,"href":"https:\/\/www.urbem.eu\/wordpress\/index.php?rest_route=\/wp\/v2\/pages\/407\/revisions"}],"predecessor-version":[{"id":1304,"href":"https:\/\/www.urbem.eu\/wordpress\/index.php?rest_route=\/wp\/v2\/pages\/407\/revisions\/1304"}],"wp:attachment":[{"href":"https:\/\/www.urbem.eu\/wordpress\/index.php?rest_route=%2Fwp%2Fv2%2Fmedia&parent=407"}],"curies":[{"name":"wp","href":"https:\/\/api.w.org\/{rel}","templated":true}]}}