{"id":415,"date":"2013-01-17T12:37:49","date_gmt":"2013-01-17T11:37:49","guid":{"rendered":"http:\/\/www.urbem.eu\/wordpress\/?page_id=415"},"modified":"2015-12-10T11:26:23","modified_gmt":"2015-12-10T10:26:23","slug":"intercambiador-de-viajeros","status":"publish","type":"page","link":"https:\/\/www.urbem.eu\/wordpress\/?page_id=415","title":{"rendered":"Intercambiador de viajeros"},"content":{"rendered":"<h1>Astillero, Cantabria.<\/h1>\n<p>A\u00f1o de construcci\u00f3n: 2005<\/p>\n<p>Cliente: Direcci\u00f3n General de Transportes y Comunicaciones del Gobierno de Cantabria<\/p>\n<p>&nbsp;<\/p>\n<p><a href=\"http:\/\/www.urbem.eu\/wordpress\/?attachment_id=416\" rel=\"attachment wp-att-416\"><img loading=\"lazy\" decoding=\"async\" class=\"size-full wp-image-416 aligncenter\" src=\"http:\/\/www.urbem.eu\/wordpress\/wp-content\/uploads\/2013\/01\/INTERCAMBIADOR.jpg\" alt=\"INTERCAMBIADOR\" width=\"800\" height=\"600\" \/><\/a><\/p>\n","protected":false},"excerpt":{"rendered":"<p>Astillero, Cantabria. A\u00f1o de construcci\u00f3n: 2005 Cliente: Direcci\u00f3n General de Transportes y Comunicaciones del Gobierno de Cantabria &nbsp;<\/p>\n","protected":false},"author":1,"featured_media":0,"parent":0,"menu_order":0,"comment_status":"closed","ping_status":"closed","template":"page-templates\/full-width.php","meta":{"footnotes":""},"class_list":["post-415","page","type-page","status-publish","hentry"],"_links":{"self":[{"href":"https:\/\/www.urbem.eu\/wordpress\/index.php?rest_route=\/wp\/v2\/pages\/415","targetHints":{"allow":["GET"]}}],"collection":[{"href":"https:\/\/www.urbem.eu\/wordpress\/index.php?rest_route=\/wp\/v2\/pages"}],"about":[{"href":"https:\/\/www.urbem.eu\/wordpress\/index.php?rest_route=\/wp\/v2\/types\/page"}],"author":[{"embeddable":true,"href":"https:\/\/www.urbem.eu\/wordpress\/index.php?rest_route=\/wp\/v2\/users\/1"}],"replies":[{"embeddable":true,"href":"https:\/\/www.urbem.eu\/wordpress\/index.php?rest_route=%2Fwp%2Fv2%2Fcomments&post=415"}],"version-history":[{"count":3,"href":"https:\/\/www.urbem.eu\/wordpress\/index.php?rest_route=\/wp\/v2\/pages\/415\/revisions"}],"predecessor-version":[{"id":1344,"href":"https:\/\/www.urbem.eu\/wordpress\/index.php?rest_route=\/wp\/v2\/pages\/415\/revisions\/1344"}],"wp:attachment":[{"href":"https:\/\/www.urbem.eu\/wordpress\/index.php?rest_route=%2Fwp%2Fv2%2Fmedia&parent=415"}],"curies":[{"name":"wp","href":"https:\/\/api.w.org\/{rel}","templated":true}]}}