{"id":418,"date":"2013-01-17T12:42:02","date_gmt":"2013-01-17T11:42:02","guid":{"rendered":"http:\/\/www.urbem.eu\/wordpress\/?page_id=418"},"modified":"2015-05-20T12:06:23","modified_gmt":"2015-05-20T11:06:23","slug":"proyecto-de-terminal-de-autobuses","status":"publish","type":"page","link":"https:\/\/www.urbem.eu\/wordpress\/?page_id=418","title":{"rendered":"Proyecto de terminal de autobuses."},"content":{"rendered":"<h1>Mataporquera, Cantabria.<\/h1>\n<p>A\u00f1o de redacci\u00f3n: 2009<\/p>\n<p>Cliente: Direcci\u00f3n General de Transportes y Comunicaciones del Gobierno de Cantabria<\/p>\n<p>Descripci\u00f3n gr\u00e1fica:<\/p>\n<p><a href=\"http:\/\/www.urbem.eu\/wordpress\/?attachment_id=419\" rel=\"attachment wp-att-419\"><img loading=\"lazy\" decoding=\"async\" class=\"alignright size-full wp-image-419\" alt=\"Mataporquera_alz\" src=\"http:\/\/www.urbem.eu\/wordpress\/wp-content\/uploads\/2013\/01\/Mataporquera_alz.jpg\" width=\"700\" height=\"342\" \/><\/a> <a href=\"http:\/\/www.urbem.eu\/wordpress\/?attachment_id=420\" rel=\"attachment wp-att-420\"><img loading=\"lazy\" decoding=\"async\" class=\"alignright size-full wp-image-420\" alt=\"Mataporquera_3d\" src=\"http:\/\/www.urbem.eu\/wordpress\/wp-content\/uploads\/2013\/01\/Mataporquera_3d.jpg\" width=\"700\" height=\"454\" \/><\/a><\/p>\n","protected":false},"excerpt":{"rendered":"<p>Mataporquera, Cantabria. A\u00f1o de redacci\u00f3n: 2009 Cliente: Direcci\u00f3n General de Transportes y Comunicaciones del Gobierno de Cantabria Descripci\u00f3n gr\u00e1fica:<\/p>\n","protected":false},"author":1,"featured_media":0,"parent":0,"menu_order":0,"comment_status":"closed","ping_status":"closed","template":"page-templates\/full-width.php","meta":{"footnotes":""},"class_list":["post-418","page","type-page","status-publish","hentry"],"_links":{"self":[{"href":"https:\/\/www.urbem.eu\/wordpress\/index.php?rest_route=\/wp\/v2\/pages\/418","targetHints":{"allow":["GET"]}}],"collection":[{"href":"https:\/\/www.urbem.eu\/wordpress\/index.php?rest_route=\/wp\/v2\/pages"}],"about":[{"href":"https:\/\/www.urbem.eu\/wordpress\/index.php?rest_route=\/wp\/v2\/types\/page"}],"author":[{"embeddable":true,"href":"https:\/\/www.urbem.eu\/wordpress\/index.php?rest_route=\/wp\/v2\/users\/1"}],"replies":[{"embeddable":true,"href":"https:\/\/www.urbem.eu\/wordpress\/index.php?rest_route=%2Fwp%2Fv2%2Fcomments&post=418"}],"version-history":[{"count":2,"href":"https:\/\/www.urbem.eu\/wordpress\/index.php?rest_route=\/wp\/v2\/pages\/418\/revisions"}],"predecessor-version":[{"id":1055,"href":"https:\/\/www.urbem.eu\/wordpress\/index.php?rest_route=\/wp\/v2\/pages\/418\/revisions\/1055"}],"wp:attachment":[{"href":"https:\/\/www.urbem.eu\/wordpress\/index.php?rest_route=%2Fwp%2Fv2%2Fmedia&parent=418"}],"curies":[{"name":"wp","href":"https:\/\/api.w.org\/{rel}","templated":true}]}}