{"id":423,"date":"2013-01-17T12:44:09","date_gmt":"2013-01-17T11:44:09","guid":{"rendered":"http:\/\/www.urbem.eu\/wordpress\/?page_id=423"},"modified":"2015-08-12T12:28:27","modified_gmt":"2015-08-12T10:28:27","slug":"proyecto-de-acondicionamiento-de-naves-para-actividades-de-fomento-del-ferrocarril","status":"publish","type":"page","link":"https:\/\/www.urbem.eu\/wordpress\/?page_id=423","title":{"rendered":"Proyecto de acondicionamiento de naves para actividades de fomento del ferrocarril"},"content":{"rendered":"<h1>Mataporquera, Cantabria.<\/h1>\n<p>A\u00f1o de redacci\u00f3n: 2009<\/p>\n<p>Cliente: Direcci\u00f3n General de Transportes y Comunicaciones del Gobierno de Cantabria<\/p>\n<p>Descripci\u00f3n gr\u00e1fica:<\/p>\n<figure id=\"attachment_424\" aria-describedby=\"caption-attachment-424\" style=\"width: 800px\" class=\"wp-caption aligncenter\"><a href=\"http:\/\/www.urbem.eu\/wordpress\/?attachment_id=424\" rel=\"attachment wp-att-424\"><img loading=\"lazy\" decoding=\"async\" class=\"wp-image-424 size-full\" src=\"http:\/\/www.urbem.eu\/wordpress\/wp-content\/uploads\/2013\/01\/Mataporquera_ferr.jpg\" alt=\"Mataporquera_ferr\" width=\"800\" height=\"566\" \/><\/a><figcaption id=\"caption-attachment-424\" class=\"wp-caption-text\">Planta, alzados, secciones y detalles.<\/figcaption><\/figure>\n","protected":false},"excerpt":{"rendered":"<p>Mataporquera, Cantabria. A\u00f1o de redacci\u00f3n: 2009 Cliente: Direcci\u00f3n General de Transportes y Comunicaciones del Gobierno de Cantabria Descripci\u00f3n gr\u00e1fica:<\/p>\n","protected":false},"author":1,"featured_media":0,"parent":0,"menu_order":0,"comment_status":"closed","ping_status":"closed","template":"page-templates\/full-width.php","meta":{"footnotes":""},"class_list":["post-423","page","type-page","status-publish","hentry"],"_links":{"self":[{"href":"https:\/\/www.urbem.eu\/wordpress\/index.php?rest_route=\/wp\/v2\/pages\/423","targetHints":{"allow":["GET"]}}],"collection":[{"href":"https:\/\/www.urbem.eu\/wordpress\/index.php?rest_route=\/wp\/v2\/pages"}],"about":[{"href":"https:\/\/www.urbem.eu\/wordpress\/index.php?rest_route=\/wp\/v2\/types\/page"}],"author":[{"embeddable":true,"href":"https:\/\/www.urbem.eu\/wordpress\/index.php?rest_route=\/wp\/v2\/users\/1"}],"replies":[{"embeddable":true,"href":"https:\/\/www.urbem.eu\/wordpress\/index.php?rest_route=%2Fwp%2Fv2%2Fcomments&post=423"}],"version-history":[{"count":3,"href":"https:\/\/www.urbem.eu\/wordpress\/index.php?rest_route=\/wp\/v2\/pages\/423\/revisions"}],"predecessor-version":[{"id":1053,"href":"https:\/\/www.urbem.eu\/wordpress\/index.php?rest_route=\/wp\/v2\/pages\/423\/revisions\/1053"}],"wp:attachment":[{"href":"https:\/\/www.urbem.eu\/wordpress\/index.php?rest_route=%2Fwp%2Fv2%2Fmedia&parent=423"}],"curies":[{"name":"wp","href":"https:\/\/api.w.org\/{rel}","templated":true}]}}