{"id":435,"date":"2013-01-17T13:49:45","date_gmt":"2013-01-17T12:49:45","guid":{"rendered":"http:\/\/www.urbem.eu\/wordpress\/?page_id=435"},"modified":"2015-12-10T11:27:23","modified_gmt":"2015-12-10T10:27:23","slug":"proyecto-de-reparacion-y-mejora-de-la-estacion-de-autobuses","status":"publish","type":"page","link":"https:\/\/www.urbem.eu\/wordpress\/?page_id=435","title":{"rendered":"Proyecto de reparaci\u00f3n y mejora de la estaci\u00f3n de autobuses"},"content":{"rendered":"<h1>Santander, Cantabria.<\/h1>\n<p>A\u00f1o de redacci\u00f3n: 1998<\/p>\n<p>Cliente: Direcci\u00f3n General de Transportes y Comunicaciones del Gobierno de Cantabria<\/p>\n<p>&nbsp;<\/p>\n<p><a href=\"http:\/\/www.urbem.eu\/wordpress\/?attachment_id=436\" rel=\"attachment wp-att-436\"><img loading=\"lazy\" decoding=\"async\" class=\" size-full wp-image-436 aligncenter\" src=\"http:\/\/www.urbem.eu\/wordpress\/wp-content\/uploads\/2013\/01\/estacion-sdr02.jpg\" alt=\"estacion sdr02\" width=\"693\" height=\"521\" \/><\/a> <a href=\"http:\/\/www.urbem.eu\/wordpress\/?attachment_id=437\" rel=\"attachment wp-att-437\"><img loading=\"lazy\" decoding=\"async\" class=\" size-full wp-image-437 aligncenter\" src=\"http:\/\/www.urbem.eu\/wordpress\/wp-content\/uploads\/2013\/01\/estacion-sdr01.jpg\" alt=\"estacion sdr01\" width=\"693\" height=\"521\" \/><\/a><\/p>\n","protected":false},"excerpt":{"rendered":"<p>Santander, Cantabria. A\u00f1o de redacci\u00f3n: 1998 Cliente: Direcci\u00f3n General de Transportes y Comunicaciones del Gobierno de Cantabria &nbsp;<\/p>\n","protected":false},"author":1,"featured_media":0,"parent":0,"menu_order":0,"comment_status":"closed","ping_status":"closed","template":"page-templates\/full-width.php","meta":{"footnotes":""},"class_list":["post-435","page","type-page","status-publish","hentry"],"_links":{"self":[{"href":"https:\/\/www.urbem.eu\/wordpress\/index.php?rest_route=\/wp\/v2\/pages\/435","targetHints":{"allow":["GET"]}}],"collection":[{"href":"https:\/\/www.urbem.eu\/wordpress\/index.php?rest_route=\/wp\/v2\/pages"}],"about":[{"href":"https:\/\/www.urbem.eu\/wordpress\/index.php?rest_route=\/wp\/v2\/types\/page"}],"author":[{"embeddable":true,"href":"https:\/\/www.urbem.eu\/wordpress\/index.php?rest_route=\/wp\/v2\/users\/1"}],"replies":[{"embeddable":true,"href":"https:\/\/www.urbem.eu\/wordpress\/index.php?rest_route=%2Fwp%2Fv2%2Fcomments&post=435"}],"version-history":[{"count":3,"href":"https:\/\/www.urbem.eu\/wordpress\/index.php?rest_route=\/wp\/v2\/pages\/435\/revisions"}],"predecessor-version":[{"id":1345,"href":"https:\/\/www.urbem.eu\/wordpress\/index.php?rest_route=\/wp\/v2\/pages\/435\/revisions\/1345"}],"wp:attachment":[{"href":"https:\/\/www.urbem.eu\/wordpress\/index.php?rest_route=%2Fwp%2Fv2%2Fmedia&parent=435"}],"curies":[{"name":"wp","href":"https:\/\/api.w.org\/{rel}","templated":true}]}}