{"id":444,"date":"2013-01-17T14:33:38","date_gmt":"2013-01-17T13:33:38","guid":{"rendered":"http:\/\/www.urbem.eu\/wordpress\/?page_id=444"},"modified":"2015-12-10T11:39:11","modified_gmt":"2015-12-10T10:39:11","slug":"proyecto-de-nave-industrial-y-edificio-de-oficinas","status":"publish","type":"page","link":"https:\/\/www.urbem.eu\/wordpress\/?page_id=444","title":{"rendered":"Proyecto de nave industrial y edificio de oficinas"},"content":{"rendered":"<h1>B\u00e1rcena de Cicero, Cantabria.<\/h1>\n<p>Proyecto de Ejecuci\u00f3n, Direcci\u00f3n de Obra y Proyecto B\u00e1sico de Ampliaci\u00f3n.<\/p>\n<p>Superficie:5.000 + 1.000 + 5.000 m2<\/p>\n<p>Fin de obra: 2007-2012<\/p>\n<p>Cliente: T.E.M. Serrano<\/p>\n<p><a href=\"http:\/\/maps.google.es\/maps?q=barcena+de+cicero&amp;hl=es&amp;ie=UTF8&amp;ll=43.423076,-3.53395&amp;spn=0.001685,0.002733&amp;hnear=B%C3%A1rcena+de+Cicero,+Cantabria&amp;t=h&amp;z=19\" rel=\"attachment wp-att-135\"><img loading=\"lazy\" decoding=\"async\" class=\"wp-image-135 alignright\" src=\"http:\/\/www.urbem.eu\/wordpress\/wp-content\/uploads\/2012\/09\/google-map-logo.gif\" alt=\"google-map-logo\" width=\"66\" height=\"50\" \/><\/a><\/p>\n<figure id=\"attachment_1350\" aria-describedby=\"caption-attachment-1350\" style=\"width: 560px\" class=\"wp-caption aligncenter\"><img loading=\"lazy\" decoding=\"async\" class=\"size-large wp-image-1350\" src=\"http:\/\/www.urbem.eu\/wordpress\/wp-content\/uploads\/2013\/01\/AMBROS_SC_Neg-560x1024.jpg\" alt=\"Secci\u00f3n constructiva.\" width=\"560\" height=\"1024\" srcset=\"https:\/\/www.urbem.eu\/wordpress\/wp-content\/uploads\/2013\/01\/AMBROS_SC_Neg-560x1024.jpg 560w, https:\/\/www.urbem.eu\/wordpress\/wp-content\/uploads\/2013\/01\/AMBROS_SC_Neg-164x300.jpg 164w, https:\/\/www.urbem.eu\/wordpress\/wp-content\/uploads\/2013\/01\/AMBROS_SC_Neg.jpg 590w\" sizes=\"auto, (max-width: 560px) 100vw, 560px\" \/><figcaption id=\"caption-attachment-1350\" class=\"wp-caption-text\">Secci\u00f3n constructiva.<\/figcaption><\/figure>\n<figure id=\"attachment_446\" aria-describedby=\"caption-attachment-446\" style=\"width: 693px\" class=\"wp-caption aligncenter\"><a href=\"http:\/\/www.urbem.eu\/wordpress\/?attachment_id=446\" rel=\"attachment wp-att-446\"><img loading=\"lazy\" decoding=\"async\" class=\"wp-image-446 size-full\" src=\"http:\/\/www.urbem.eu\/wordpress\/wp-content\/uploads\/2013\/01\/AMBROS_3D.jpg\" alt=\"AMBROS_3D\" width=\"693\" height=\"386\" \/><\/a><figcaption id=\"caption-attachment-446\" class=\"wp-caption-text\">Imagen virtual nocturna<\/figcaption><\/figure>\n<figure id=\"attachment_1349\" aria-describedby=\"caption-attachment-1349\" style=\"width: 680px\" class=\"wp-caption aligncenter\"><img loading=\"lazy\" decoding=\"async\" class=\"size-full wp-image-1349\" src=\"http:\/\/www.urbem.eu\/wordpress\/wp-content\/uploads\/2013\/01\/AMBROS_PL-Neg.jpg\" alt=\"Planta general.\" width=\"680\" height=\"439\" srcset=\"https:\/\/www.urbem.eu\/wordpress\/wp-content\/uploads\/2013\/01\/AMBROS_PL-Neg.jpg 680w, https:\/\/www.urbem.eu\/wordpress\/wp-content\/uploads\/2013\/01\/AMBROS_PL-Neg-300x194.jpg 300w\" sizes=\"auto, (max-width: 680px) 100vw, 680px\" \/><figcaption id=\"caption-attachment-1349\" class=\"wp-caption-text\">Planta general.<\/figcaption><\/figure>\n<p>&nbsp;<\/p>\n","protected":false},"excerpt":{"rendered":"<p>B\u00e1rcena de Cicero, Cantabria. Proyecto de Ejecuci\u00f3n, Direcci\u00f3n de Obra y Proyecto B\u00e1sico de Ampliaci\u00f3n. Superficie:5.000 + 1.000 + 5.000 m2 Fin de obra: 2007-2012 Cliente: T.E.M. Serrano &nbsp;<\/p>\n","protected":false},"author":1,"featured_media":0,"parent":0,"menu_order":0,"comment_status":"closed","ping_status":"closed","template":"page-templates\/full-width.php","meta":{"footnotes":""},"class_list":["post-444","page","type-page","status-publish","hentry"],"_links":{"self":[{"href":"https:\/\/www.urbem.eu\/wordpress\/index.php?rest_route=\/wp\/v2\/pages\/444","targetHints":{"allow":["GET"]}}],"collection":[{"href":"https:\/\/www.urbem.eu\/wordpress\/index.php?rest_route=\/wp\/v2\/pages"}],"about":[{"href":"https:\/\/www.urbem.eu\/wordpress\/index.php?rest_route=\/wp\/v2\/types\/page"}],"author":[{"embeddable":true,"href":"https:\/\/www.urbem.eu\/wordpress\/index.php?rest_route=\/wp\/v2\/users\/1"}],"replies":[{"embeddable":true,"href":"https:\/\/www.urbem.eu\/wordpress\/index.php?rest_route=%2Fwp%2Fv2%2Fcomments&post=444"}],"version-history":[{"count":7,"href":"https:\/\/www.urbem.eu\/wordpress\/index.php?rest_route=\/wp\/v2\/pages\/444\/revisions"}],"predecessor-version":[{"id":629,"href":"https:\/\/www.urbem.eu\/wordpress\/index.php?rest_route=\/wp\/v2\/pages\/444\/revisions\/629"}],"wp:attachment":[{"href":"https:\/\/www.urbem.eu\/wordpress\/index.php?rest_route=%2Fwp%2Fv2%2Fmedia&parent=444"}],"curies":[{"name":"wp","href":"https:\/\/api.w.org\/{rel}","templated":true}]}}