{"id":456,"date":"2013-01-17T14:44:40","date_gmt":"2013-01-17T13:44:40","guid":{"rendered":"http:\/\/www.urbem.eu\/wordpress\/?page_id=456"},"modified":"2017-01-11T10:39:33","modified_gmt":"2017-01-11T09:39:33","slug":"restauracion-ambiental-y-paisajistica-del-alto-del-cuco","status":"publish","type":"page","link":"https:\/\/www.urbem.eu\/wordpress\/?page_id=456","title":{"rendered":"Regeneraci\u00f3n ambiental y paisaj\u00edstica del Alto del Cuco"},"content":{"rendered":"<h1>Pi\u00e9lagos, Cantabria.<\/h1>\n<p>Proyecto de regeneraci\u00f3n ambiental y paisaj\u00edstica.<\/p>\n<p>A\u00f1o de redacci\u00f3n: 2014<\/p>\n<p>Superficie: 220.000 m2<\/p>\n<p><a href=\"https:\/\/www.google.es\/maps\/@43.4250474,-3.9288504,1534a,20y,41.29t\/data=!3m1!1e3\" target=\"_blank\"><img loading=\"lazy\" decoding=\"async\" class=\"alignright wp-image-135\" title=\"google-map-logo\" src=\"http:\/\/i1.wp.com\/www.urbem.eu\/wordpress\/wp-content\/uploads\/2012\/09\/google-map-logo.gif?resize=50%2C50\" alt=\"\" width=\"50\" height=\"50\" \/><br \/>\n<\/a><\/p>\n<figure id=\"attachment_1419\" aria-describedby=\"caption-attachment-1419\" style=\"width: 1318px\" class=\"wp-caption aligncenter\"><img loading=\"lazy\" decoding=\"async\" class=\"wp-image-1419\" src=\"http:\/\/www.urbem.eu\/wordpress\/wp-content\/uploads\/2013\/01\/160804_PANEL-INICIO-OBRAS-PANEL-INICIO-DEMOLICIONES-1.jpg\" alt=\"PANEL INICIO DEMOLICIONES\" width=\"1318\" height=\"1800\" srcset=\"https:\/\/www.urbem.eu\/wordpress\/wp-content\/uploads\/2013\/01\/160804_PANEL-INICIO-OBRAS-PANEL-INICIO-DEMOLICIONES-1.jpg 3502w, https:\/\/www.urbem.eu\/wordpress\/wp-content\/uploads\/2013\/01\/160804_PANEL-INICIO-OBRAS-PANEL-INICIO-DEMOLICIONES-1-220x300.jpg 220w, https:\/\/www.urbem.eu\/wordpress\/wp-content\/uploads\/2013\/01\/160804_PANEL-INICIO-OBRAS-PANEL-INICIO-DEMOLICIONES-1-768x1049.jpg 768w, https:\/\/www.urbem.eu\/wordpress\/wp-content\/uploads\/2013\/01\/160804_PANEL-INICIO-OBRAS-PANEL-INICIO-DEMOLICIONES-1-750x1024.jpg 750w\" sizes=\"auto, (max-width: 1318px) 100vw, 1318px\" \/><figcaption id=\"caption-attachment-1419\" class=\"wp-caption-text\">Plano de demoliciones en la zona 1<\/figcaption><\/figure>\n","protected":false},"excerpt":{"rendered":"<p>Pi\u00e9lagos, Cantabria. Proyecto de regeneraci\u00f3n ambiental y paisaj\u00edstica. A\u00f1o de redacci\u00f3n: 2014 Superficie: 220.000 m2<\/p>\n","protected":false},"author":1,"featured_media":0,"parent":0,"menu_order":0,"comment_status":"closed","ping_status":"closed","template":"page-templates\/full-width.php","meta":{"footnotes":""},"class_list":["post-456","page","type-page","status-publish","hentry"],"_links":{"self":[{"href":"https:\/\/www.urbem.eu\/wordpress\/index.php?rest_route=\/wp\/v2\/pages\/456","targetHints":{"allow":["GET"]}}],"collection":[{"href":"https:\/\/www.urbem.eu\/wordpress\/index.php?rest_route=\/wp\/v2\/pages"}],"about":[{"href":"https:\/\/www.urbem.eu\/wordpress\/index.php?rest_route=\/wp\/v2\/types\/page"}],"author":[{"embeddable":true,"href":"https:\/\/www.urbem.eu\/wordpress\/index.php?rest_route=\/wp\/v2\/users\/1"}],"replies":[{"embeddable":true,"href":"https:\/\/www.urbem.eu\/wordpress\/index.php?rest_route=%2Fwp%2Fv2%2Fcomments&post=456"}],"version-history":[{"count":11,"href":"https:\/\/www.urbem.eu\/wordpress\/index.php?rest_route=\/wp\/v2\/pages\/456\/revisions"}],"predecessor-version":[{"id":1469,"href":"https:\/\/www.urbem.eu\/wordpress\/index.php?rest_route=\/wp\/v2\/pages\/456\/revisions\/1469"}],"wp:attachment":[{"href":"https:\/\/www.urbem.eu\/wordpress\/index.php?rest_route=%2Fwp%2Fv2%2Fmedia&parent=456"}],"curies":[{"name":"wp","href":"https:\/\/api.w.org\/{rel}","templated":true}]}}