{"id":494,"date":"2013-01-21T11:51:47","date_gmt":"2013-01-21T10:51:47","guid":{"rendered":"http:\/\/www.urbem.eu\/wordpress\/?page_id=494"},"modified":"2017-01-24T11:36:07","modified_gmt":"2017-01-24T10:36:07","slug":"medio-ambiente","status":"publish","type":"page","link":"https:\/\/www.urbem.eu\/wordpress\/?page_id=494","title":{"rendered":"Medio ambiente"},"content":{"rendered":"<h4>P: Proyecto; DO: Direcci\u00f3n de Obra<\/h4>\n<ul>\n<li><a href=\"http:\/\/www.urbem.eu\/wordpress\/?p=1573\">Encauzamiento del arroyo Sorravides en el Plan Parcial \u00bb El Valle\u00bb, Pol\u00edgono 1, Torrelavega: P, DO<\/a><\/li>\n<li><a href=\"http:\/\/www.urbem.eu\/wordpress\/?page_id=456 \" target=\"_blank\">Regeneraci\u00f3n ambiental y paisaj\u00edstica del Alto del Cuco.<\/a><\/li>\n<li><a href=\" http:\/\/www.urbem.eu\/wordpress\/?page_id=691 \" target=\"_blank\">Informe est. hidra\u00falico del Parque Empresarial \u00abAlto As\u00f3n\u00bb<\/a><\/li>\n<li><a href=\"http:\/\/www.urbem.eu\/wordpress\/?page_id=769\" target=\"_blank\">Senda peatonal R\u00eda del Pas-Boo de Pi\u00e9lagos, itinerarios GRL 37 y PRL 38. Pi\u00e9lagos<\/a><\/li>\n<li>An\u00e1lisis del informe sobre el estudio hidra\u00falico del parque Empresarial \u00abAlto As\u00f3n\u00bb en Riancho, Ramales de la Victoria: P<\/li>\n<\/ul>\n<p>&nbsp;<\/p>\n<p>&nbsp;<\/p>\n","protected":false},"excerpt":{"rendered":"<p>P: Proyecto; DO: Direcci\u00f3n de Obra Encauzamiento del arroyo Sorravides en el Plan Parcial \u00bb El Valle\u00bb, Pol\u00edgono 1, Torrelavega: P, DO Regeneraci\u00f3n ambiental y paisaj\u00edstica del Alto del Cuco. Informe est. hidra\u00falico del Parque Empresarial \u00abAlto As\u00f3n\u00bb Senda peatonal R\u00eda del Pas-Boo de Pi\u00e9lagos, itinerarios GRL 37 y PRL 38. Pi\u00e9lagos An\u00e1lisis del informe [&hellip;]<\/p>\n","protected":false},"author":1,"featured_media":0,"parent":0,"menu_order":0,"comment_status":"closed","ping_status":"closed","template":"page-templates\/full-width.php","meta":{"footnotes":""},"class_list":["post-494","page","type-page","status-publish","hentry"],"_links":{"self":[{"href":"https:\/\/www.urbem.eu\/wordpress\/index.php?rest_route=\/wp\/v2\/pages\/494","targetHints":{"allow":["GET"]}}],"collection":[{"href":"https:\/\/www.urbem.eu\/wordpress\/index.php?rest_route=\/wp\/v2\/pages"}],"about":[{"href":"https:\/\/www.urbem.eu\/wordpress\/index.php?rest_route=\/wp\/v2\/types\/page"}],"author":[{"embeddable":true,"href":"https:\/\/www.urbem.eu\/wordpress\/index.php?rest_route=\/wp\/v2\/users\/1"}],"replies":[{"embeddable":true,"href":"https:\/\/www.urbem.eu\/wordpress\/index.php?rest_route=%2Fwp%2Fv2%2Fcomments&post=494"}],"version-history":[{"count":16,"href":"https:\/\/www.urbem.eu\/wordpress\/index.php?rest_route=\/wp\/v2\/pages\/494\/revisions"}],"predecessor-version":[{"id":1581,"href":"https:\/\/www.urbem.eu\/wordpress\/index.php?rest_route=\/wp\/v2\/pages\/494\/revisions\/1581"}],"wp:attachment":[{"href":"https:\/\/www.urbem.eu\/wordpress\/index.php?rest_route=%2Fwp%2Fv2%2Fmedia&parent=494"}],"curies":[{"name":"wp","href":"https:\/\/api.w.org\/{rel}","templated":true}]}}