{"id":523,"date":"2013-01-21T12:05:14","date_gmt":"2013-01-21T11:05:14","guid":{"rendered":"http:\/\/www.urbem.eu\/wordpress\/?page_id=523"},"modified":"2017-01-23T13:49:25","modified_gmt":"2017-01-23T12:49:25","slug":"concursos-2","status":"publish","type":"page","link":"https:\/\/www.urbem.eu\/wordpress\/?page_id=523","title":{"rendered":"Concursos"},"content":{"rendered":"<ul>\n<li>Concurso para la redacci\u00f3n del PERI del AE-87 (B) \u00abFrente Mar\u00edtimo\u00bb del PGOU de Santander (Integrados en el equipo encabezado por WEST 8, dentro de los 5 equipos seleccionados para la fase II)<\/li>\n<li><a href=\"http:\/\/www.urbem.eu\/wordpress\/?page_id=531\">Concurso propuesta de redacci\u00f3n del Plan Parcial de Ordenaci\u00f3n del suelo urbanizable delimitado SUP 11 de la revisi\u00f3n del PGOU de Santander, conformado mayoritariamente por terrenos del estado, Ramo Defensa, denominados \u00abLa Remonta\u00bb (Finca Campogiro)<\/a><\/li>\n<li><a href=\"http:\/\/www.urbem.eu\/wordpress\/?page_id=560\">Concurso de ideas sobre las parcelas de ACCIONA INMOBILIARIA, SLU, en el SUNP-4 al sitio de La Loma en Castro Urdiales, Cantabria.<\/a><\/li>\n<li><a href=\"http:\/\/www.urbem.eu\/wordpress\/?page_id=555\">Concurso Parque de Bomberos, Ayuntamiento de Santander.<\/a><\/li>\n<li><a href=\"http:\/\/www.urbem.eu\/wordpress\/?page_id=541 \" target=\"_blank\"><span style=\"line-height: 15px;\">Concurso de ideas para la\u00a0rehabilitaci\u00f3n\u00a0de la antigua lonja de pescado, Santander<\/span><\/a><\/li>\n<\/ul>\n","protected":false},"excerpt":{"rendered":"<p>Concurso para la redacci\u00f3n del PERI del AE-87 (B) \u00abFrente Mar\u00edtimo\u00bb del PGOU de Santander (Integrados en el equipo encabezado por WEST 8, dentro de los 5 equipos seleccionados para la fase II) Concurso propuesta de redacci\u00f3n del Plan Parcial de Ordenaci\u00f3n del suelo urbanizable delimitado SUP 11 de la revisi\u00f3n del PGOU de Santander, [&hellip;]<\/p>\n","protected":false},"author":1,"featured_media":0,"parent":0,"menu_order":0,"comment_status":"closed","ping_status":"closed","template":"page-templates\/full-width.php","meta":{"footnotes":""},"class_list":["post-523","page","type-page","status-publish","hentry"],"_links":{"self":[{"href":"https:\/\/www.urbem.eu\/wordpress\/index.php?rest_route=\/wp\/v2\/pages\/523","targetHints":{"allow":["GET"]}}],"collection":[{"href":"https:\/\/www.urbem.eu\/wordpress\/index.php?rest_route=\/wp\/v2\/pages"}],"about":[{"href":"https:\/\/www.urbem.eu\/wordpress\/index.php?rest_route=\/wp\/v2\/types\/page"}],"author":[{"embeddable":true,"href":"https:\/\/www.urbem.eu\/wordpress\/index.php?rest_route=\/wp\/v2\/users\/1"}],"replies":[{"embeddable":true,"href":"https:\/\/www.urbem.eu\/wordpress\/index.php?rest_route=%2Fwp%2Fv2%2Fcomments&post=523"}],"version-history":[{"count":4,"href":"https:\/\/www.urbem.eu\/wordpress\/index.php?rest_route=\/wp\/v2\/pages\/523\/revisions"}],"predecessor-version":[{"id":1533,"href":"https:\/\/www.urbem.eu\/wordpress\/index.php?rest_route=\/wp\/v2\/pages\/523\/revisions\/1533"}],"wp:attachment":[{"href":"https:\/\/www.urbem.eu\/wordpress\/index.php?rest_route=%2Fwp%2Fv2%2Fmedia&parent=523"}],"curies":[{"name":"wp","href":"https:\/\/api.w.org\/{rel}","templated":true}]}}