{"id":624,"date":"2013-04-18T11:49:04","date_gmt":"2013-04-18T10:49:04","guid":{"rendered":"http:\/\/www.urbem.eu\/wordpress\/?page_id=624"},"modified":"2015-12-10T11:40:18","modified_gmt":"2015-12-10T10:40:18","slug":"mini-poligono-industrial-naves-nido","status":"publish","type":"page","link":"https:\/\/www.urbem.eu\/wordpress\/?page_id=624","title":{"rendered":"Mini pol\u00edgono industrial naves nido"},"content":{"rendered":"<h1>Santa Cruz de Bezana, Cantabria.<\/h1>\n<p>Proyecto de Ejecuci\u00f3n y Direcci\u00f3n de Obra.<\/p>\n<p>PROYECTO DE EJECUCI\u00d3N<\/p>\n<p>A\u00f1o de Redacci\u00f3n: 1991<\/p>\n<p>Superficie:7.400 m2<\/p>\n<p>Cliente: PARQUE INDUSTRIAL SANTANDER<\/p>\n<p>DIRECCI\u00d3N DE OBRA<\/p>\n<p>Ejecuci\u00f3n: 1991<\/p>\n<p>Cliente: PARQUE INDUSTRIAL SANTANDER<\/p>\n<p><a href=\"http:\/\/maps.google.es\/maps?hl=es&amp;ll=43.434026,-3.912672&amp;spn=0.002264,0.002733&amp;t=h&amp;z=19\" target=\"_blank\"><img loading=\"lazy\" decoding=\"async\" class=\" wp-image-630 alignright\" src=\"http:\/\/www.urbem.eu\/wordpress\/wp-content\/uploads\/2013\/04\/google-map-logo-e1366282746214.gif\" alt=\"google-map-logo\" width=\"67\" height=\"50\" \/><br \/>\n<\/a><\/p>\n<p><a href=\"http:\/\/www.urbem.eu\/wordpress\/wp-content\/uploads\/2013\/04\/NAVES_BEZANA_sv.jpg\"><img loading=\"lazy\" decoding=\"async\" class=\"alignnone size-full wp-image-627\" src=\"http:\/\/www.urbem.eu\/wordpress\/wp-content\/uploads\/2013\/04\/NAVES_BEZANA_sv.jpg\" alt=\"NAVES_BEZANA_sv\" width=\"590\" height=\"329\" srcset=\"https:\/\/www.urbem.eu\/wordpress\/wp-content\/uploads\/2013\/04\/NAVES_BEZANA_sv.jpg 590w, https:\/\/www.urbem.eu\/wordpress\/wp-content\/uploads\/2013\/04\/NAVES_BEZANA_sv-300x167.jpg 300w, https:\/\/www.urbem.eu\/wordpress\/wp-content\/uploads\/2013\/04\/NAVES_BEZANA_sv-500x278.jpg 500w\" sizes=\"auto, (max-width: 590px) 100vw, 590px\" \/><\/a><\/p>\n<p>&nbsp;<\/p>\n<p><em id=\"__mceDel\"><a href=\"http:\/\/maps.google.es\/maps?hl=es&amp;ll=43.434026,-3.912672&amp;spn=0.002264,0.002733&amp;t=h&amp;z=19\" target=\"_blank\">\u00a0<\/a><\/em><\/p>\n","protected":false},"excerpt":{"rendered":"<p>Santa Cruz de Bezana, Cantabria. Proyecto de Ejecuci\u00f3n y Direcci\u00f3n de Obra. PROYECTO DE EJECUCI\u00d3N A\u00f1o de Redacci\u00f3n: 1991 Superficie:7.400 m2 Cliente: PARQUE INDUSTRIAL SANTANDER DIRECCI\u00d3N DE OBRA Ejecuci\u00f3n: 1991 Cliente: PARQUE INDUSTRIAL SANTANDER &nbsp; \u00a0<\/p>\n","protected":false},"author":1,"featured_media":0,"parent":0,"menu_order":0,"comment_status":"closed","ping_status":"closed","template":"page-templates\/full-width.php","meta":{"footnotes":""},"class_list":["post-624","page","type-page","status-publish","hentry"],"_links":{"self":[{"href":"https:\/\/www.urbem.eu\/wordpress\/index.php?rest_route=\/wp\/v2\/pages\/624","targetHints":{"allow":["GET"]}}],"collection":[{"href":"https:\/\/www.urbem.eu\/wordpress\/index.php?rest_route=\/wp\/v2\/pages"}],"about":[{"href":"https:\/\/www.urbem.eu\/wordpress\/index.php?rest_route=\/wp\/v2\/types\/page"}],"author":[{"embeddable":true,"href":"https:\/\/www.urbem.eu\/wordpress\/index.php?rest_route=\/wp\/v2\/users\/1"}],"replies":[{"embeddable":true,"href":"https:\/\/www.urbem.eu\/wordpress\/index.php?rest_route=%2Fwp%2Fv2%2Fcomments&post=624"}],"version-history":[{"count":7,"href":"https:\/\/www.urbem.eu\/wordpress\/index.php?rest_route=\/wp\/v2\/pages\/624\/revisions"}],"predecessor-version":[{"id":1352,"href":"https:\/\/www.urbem.eu\/wordpress\/index.php?rest_route=\/wp\/v2\/pages\/624\/revisions\/1352"}],"wp:attachment":[{"href":"https:\/\/www.urbem.eu\/wordpress\/index.php?rest_route=%2Fwp%2Fv2%2Fmedia&parent=624"}],"curies":[{"name":"wp","href":"https:\/\/api.w.org\/{rel}","templated":true}]}}