{"id":634,"date":"2013-04-18T12:20:42","date_gmt":"2013-04-18T11:20:42","guid":{"rendered":"http:\/\/www.urbem.eu\/wordpress\/?page_id=634"},"modified":"2015-05-20T12:00:22","modified_gmt":"2015-05-20T11:00:22","slug":"documentacion-para-licitaciones","status":"publish","type":"page","link":"https:\/\/www.urbem.eu\/wordpress\/?page_id=634","title":{"rendered":"Documentaci\u00f3n para licitaciones"},"content":{"rendered":"<ul>\n<li><a href=\"http:\/\/www.urbem.eu\/wordpress\/?page_id=640 \" target=\"_blank\">Sistema de innivaci\u00f3n artificial estaci\u00f3n esqu\u00ed Alto Camp\u00f3o<\/a><\/li>\n<li><a title=\"Colegio infantil y primaria\" href=\"http:\/\/www.urbem.eu\/wordpress\/?page_id=650 \" target=\"_blank\">Colegio de educaci\u00f3n infantil y primaria. Colindres, Cantabria<\/a><\/li>\n<li><a title=\"39 Viviendas VPO\" href=\"http:\/\/www.urbem.eu\/wordpress\/?page_id=654\" target=\"_blank\">39 viviendas de protecci\u00f3n oficial. Reinosa, Cantabria<\/a><\/li>\n<li><a title=\"Nuevas instalaciones CAR Vela\" href=\"http:\/\/www.urbem.eu\/wordpress\/?page_id=662 \" target=\"_blank\">Nuevas instalaciones Centro de Alto Rendimiento de Vela. Santander, Cantabria<\/a><\/li>\n<\/ul>\n","protected":false},"excerpt":{"rendered":"<p>Sistema de innivaci\u00f3n artificial estaci\u00f3n esqu\u00ed Alto Camp\u00f3o Colegio de educaci\u00f3n infantil y primaria. Colindres, Cantabria 39 viviendas de protecci\u00f3n oficial. Reinosa, Cantabria Nuevas instalaciones Centro de Alto Rendimiento de Vela. Santander, Cantabria<\/p>\n","protected":false},"author":1,"featured_media":0,"parent":0,"menu_order":0,"comment_status":"closed","ping_status":"closed","template":"page-templates\/full-width.php","meta":{"footnotes":""},"class_list":["post-634","page","type-page","status-publish","hentry"],"_links":{"self":[{"href":"https:\/\/www.urbem.eu\/wordpress\/index.php?rest_route=\/wp\/v2\/pages\/634","targetHints":{"allow":["GET"]}}],"collection":[{"href":"https:\/\/www.urbem.eu\/wordpress\/index.php?rest_route=\/wp\/v2\/pages"}],"about":[{"href":"https:\/\/www.urbem.eu\/wordpress\/index.php?rest_route=\/wp\/v2\/types\/page"}],"author":[{"embeddable":true,"href":"https:\/\/www.urbem.eu\/wordpress\/index.php?rest_route=\/wp\/v2\/users\/1"}],"replies":[{"embeddable":true,"href":"https:\/\/www.urbem.eu\/wordpress\/index.php?rest_route=%2Fwp%2Fv2%2Fcomments&post=634"}],"version-history":[{"count":7,"href":"https:\/\/www.urbem.eu\/wordpress\/index.php?rest_route=\/wp\/v2\/pages\/634\/revisions"}],"predecessor-version":[{"id":884,"href":"https:\/\/www.urbem.eu\/wordpress\/index.php?rest_route=\/wp\/v2\/pages\/634\/revisions\/884"}],"wp:attachment":[{"href":"https:\/\/www.urbem.eu\/wordpress\/index.php?rest_route=%2Fwp%2Fv2%2Fmedia&parent=634"}],"curies":[{"name":"wp","href":"https:\/\/api.w.org\/{rel}","templated":true}]}}