{"id":640,"date":"2013-04-23T09:37:13","date_gmt":"2013-04-23T08:37:13","guid":{"rendered":"http:\/\/www.urbem.eu\/wordpress\/?page_id=640"},"modified":"2015-05-20T12:08:45","modified_gmt":"2015-05-20T11:08:45","slug":"sistema-de-innivacion-artificial-estacion-esqui-alto-campoo","status":"publish","type":"page","link":"https:\/\/www.urbem.eu\/wordpress\/?page_id=640","title":{"rendered":"Sistema de innivaci\u00f3n artificial estaci\u00f3n esqu\u00ed Alto Campoo"},"content":{"rendered":"<h1>Campoo, Cantabria.<\/h1>\n<p>PROCEDIMIENTO ABIERTO<\/p>\n<p>A\u00f1o de Redacci\u00f3n: 2011<\/p>\n<p>\u00d3rgano de contrataci\u00f3n: SOCIEDAD\u00a0REGIONAL\u00a0C\u00c1NTABRA DE TURISMO Y DEPORTE<\/p>\n<p>Cliente: U.T.E FCC\/ASCAN<\/p>\n<p>Objeto: Proyecto y obra de \u00abCaptaci\u00f3n de agua, balsas de almacenamiemto y sistema de innivaci\u00f3n en la estaci\u00f3n \u00a0de Alto Campoo. Etapa 1\u00aa\u00bb<\/p>\n<p>Descripci\u00f3n gr\u00e1fica:<\/p>\n<p><a href=\"http:\/\/www.urbem.eu\/wordpress\/wp-content\/uploads\/2013\/04\/INFOGRAF\u00cdA.jpg\"><img loading=\"lazy\" decoding=\"async\" class=\"alignnone size-full wp-image-643\" alt=\"INFOGRAF\u00cdA\" src=\"http:\/\/www.urbem.eu\/wordpress\/wp-content\/uploads\/2013\/04\/INFOGRAF\u00cdA.jpg\" width=\"590\" height=\"434\" srcset=\"https:\/\/www.urbem.eu\/wordpress\/wp-content\/uploads\/2013\/04\/INFOGRAF\u00cdA.jpg 590w, https:\/\/www.urbem.eu\/wordpress\/wp-content\/uploads\/2013\/04\/INFOGRAF\u00cdA-300x220.jpg 300w, https:\/\/www.urbem.eu\/wordpress\/wp-content\/uploads\/2013\/04\/INFOGRAF\u00cdA-407x300.jpg 407w\" sizes=\"auto, (max-width: 590px) 100vw, 590px\" \/><\/a><a href=\"http:\/\/www.urbem.eu\/wordpress\/wp-content\/uploads\/2013\/04\/Lenko_FA_540_Snow_cannons_-_Brauneck_-_off-season.jpg\"><img loading=\"lazy\" decoding=\"async\" class=\"alignnone size-medium wp-image-645\" alt=\"Lenko_FA_540_Snow_cannons_-_Brauneck_-_off-season\" src=\"http:\/\/www.urbem.eu\/wordpress\/wp-content\/uploads\/2013\/04\/Lenko_FA_540_Snow_cannons_-_Brauneck_-_off-season-225x300.jpg\" width=\"225\" height=\"300\" srcset=\"https:\/\/www.urbem.eu\/wordpress\/wp-content\/uploads\/2013\/04\/Lenko_FA_540_Snow_cannons_-_Brauneck_-_off-season-225x300.jpg 225w, https:\/\/www.urbem.eu\/wordpress\/wp-content\/uploads\/2013\/04\/Lenko_FA_540_Snow_cannons_-_Brauneck_-_off-season-768x1024.jpg 768w, https:\/\/www.urbem.eu\/wordpress\/wp-content\/uploads\/2013\/04\/Lenko_FA_540_Snow_cannons_-_Brauneck_-_off-season.jpg 1107w\" sizes=\"auto, (max-width: 225px) 100vw, 225px\" \/><\/a><a href=\"http:\/\/www.urbem.eu\/wordpress\/wp-content\/uploads\/2013\/04\/RUBIS_TORRE.jpg\"><img loading=\"lazy\" decoding=\"async\" class=\"alignnone size-medium wp-image-647\" alt=\"RUBIS_TORRE\" src=\"http:\/\/www.urbem.eu\/wordpress\/wp-content\/uploads\/2013\/04\/RUBIS_TORRE-206x300.jpg\" width=\"206\" height=\"300\" srcset=\"https:\/\/www.urbem.eu\/wordpress\/wp-content\/uploads\/2013\/04\/RUBIS_TORRE-206x300.jpg 206w, https:\/\/www.urbem.eu\/wordpress\/wp-content\/uploads\/2013\/04\/RUBIS_TORRE.jpg 598w\" sizes=\"auto, (max-width: 206px) 100vw, 206px\" \/><\/a><a href=\"http:\/\/www.urbem.eu\/wordpress\/wp-content\/uploads\/2013\/04\/RUBIS_BOQUILLA.jpg\"><img loading=\"lazy\" decoding=\"async\" class=\"size-medium wp-image-644 alignleft\" alt=\"RUBIS_BOQUILLA\" src=\"http:\/\/www.urbem.eu\/wordpress\/wp-content\/uploads\/2013\/04\/RUBIS_BOQUILLA-300x196.jpg\" width=\"300\" height=\"196\" srcset=\"https:\/\/www.urbem.eu\/wordpress\/wp-content\/uploads\/2013\/04\/RUBIS_BOQUILLA-300x196.jpg 300w, https:\/\/www.urbem.eu\/wordpress\/wp-content\/uploads\/2013\/04\/RUBIS_BOQUILLA.jpg 371w\" sizes=\"auto, (max-width: 300px) 100vw, 300px\" \/><\/a><\/p>\n","protected":false},"excerpt":{"rendered":"<p>Campoo, Cantabria. PROCEDIMIENTO ABIERTO A\u00f1o de Redacci\u00f3n: 2011 \u00d3rgano de contrataci\u00f3n: SOCIEDAD\u00a0REGIONAL\u00a0C\u00c1NTABRA DE TURISMO Y DEPORTE Cliente: U.T.E FCC\/ASCAN Objeto: Proyecto y obra de \u00abCaptaci\u00f3n de agua, balsas de almacenamiemto y sistema de innivaci\u00f3n en la estaci\u00f3n \u00a0de Alto Campoo. Etapa 1\u00aa\u00bb Descripci\u00f3n gr\u00e1fica:<\/p>\n","protected":false},"author":1,"featured_media":0,"parent":0,"menu_order":0,"comment_status":"closed","ping_status":"closed","template":"page-templates\/full-width.php","meta":{"footnotes":""},"class_list":["post-640","page","type-page","status-publish","hentry"],"_links":{"self":[{"href":"https:\/\/www.urbem.eu\/wordpress\/index.php?rest_route=\/wp\/v2\/pages\/640","targetHints":{"allow":["GET"]}}],"collection":[{"href":"https:\/\/www.urbem.eu\/wordpress\/index.php?rest_route=\/wp\/v2\/pages"}],"about":[{"href":"https:\/\/www.urbem.eu\/wordpress\/index.php?rest_route=\/wp\/v2\/types\/page"}],"author":[{"embeddable":true,"href":"https:\/\/www.urbem.eu\/wordpress\/index.php?rest_route=\/wp\/v2\/users\/1"}],"replies":[{"embeddable":true,"href":"https:\/\/www.urbem.eu\/wordpress\/index.php?rest_route=%2Fwp%2Fv2%2Fcomments&post=640"}],"version-history":[{"count":5,"href":"https:\/\/www.urbem.eu\/wordpress\/index.php?rest_route=\/wp\/v2\/pages\/640\/revisions"}],"predecessor-version":[{"id":909,"href":"https:\/\/www.urbem.eu\/wordpress\/index.php?rest_route=\/wp\/v2\/pages\/640\/revisions\/909"}],"wp:attachment":[{"href":"https:\/\/www.urbem.eu\/wordpress\/index.php?rest_route=%2Fwp%2Fv2%2Fmedia&parent=640"}],"curies":[{"name":"wp","href":"https:\/\/api.w.org\/{rel}","templated":true}]}}