{"id":654,"date":"2013-04-23T10:14:25","date_gmt":"2013-04-23T09:14:25","guid":{"rendered":"http:\/\/www.urbem.eu\/wordpress\/?page_id=654"},"modified":"2015-12-11T09:43:38","modified_gmt":"2015-12-11T08:43:38","slug":"39-viviendas-de-proteccion-oficial","status":"publish","type":"page","link":"https:\/\/www.urbem.eu\/wordpress\/?page_id=654","title":{"rendered":"39 Viviendas de Protecci\u00f3n Oficial"},"content":{"rendered":"<h1>Reinosa, Cantabria.<\/h1>\n<p>PROCEDIMIENTO ABIERTO<\/p>\n<p>A\u00f1o de Redacci\u00f3n: 2012<\/p>\n<p>\u00d3rgano de contrataci\u00f3n: GESTI\u00d3N DE VIVIENDAS E INFRAESTRUCTURAS DE CANTABRIA, S.L.<\/p>\n<p>Cliente: ECC CONTRATAS<\/p>\n<p>Objeto: Elaboraci\u00f3n de documentaci\u00f3n t\u00e9cnica para la licitaci\u00f3n, an\u00e1lisis de las mediciones de proyecto y estudio de costes.<\/p>\n<p>Descripci\u00f3n gr\u00e1fica:<\/p>\n<p><a href=\"http:\/\/www.urbem.eu\/wordpress\/wp-content\/uploads\/2013\/04\/AEREA-GENERAL.jpg\"><img loading=\"lazy\" decoding=\"async\" class=\"alignnone size-full wp-image-656\" src=\"http:\/\/www.urbem.eu\/wordpress\/wp-content\/uploads\/2013\/04\/AEREA-GENERAL.jpg\" alt=\"AEREA GENERAL\" width=\"590\" height=\"440\" srcset=\"https:\/\/www.urbem.eu\/wordpress\/wp-content\/uploads\/2013\/04\/AEREA-GENERAL.jpg 590w, https:\/\/www.urbem.eu\/wordpress\/wp-content\/uploads\/2013\/04\/AEREA-GENERAL-300x223.jpg 300w, https:\/\/www.urbem.eu\/wordpress\/wp-content\/uploads\/2013\/04\/AEREA-GENERAL-402x300.jpg 402w\" sizes=\"auto, (max-width: 590px) 100vw, 590px\" \/><\/a><\/p>\n","protected":false},"excerpt":{"rendered":"<p>Reinosa, Cantabria. PROCEDIMIENTO ABIERTO A\u00f1o de Redacci\u00f3n: 2012 \u00d3rgano de contrataci\u00f3n: GESTI\u00d3N DE VIVIENDAS E INFRAESTRUCTURAS DE CANTABRIA, S.L. Cliente: ECC CONTRATAS Objeto: Elaboraci\u00f3n de documentaci\u00f3n t\u00e9cnica para la licitaci\u00f3n, an\u00e1lisis de las mediciones de proyecto y estudio de costes. Descripci\u00f3n gr\u00e1fica:<\/p>\n","protected":false},"author":1,"featured_media":0,"parent":0,"menu_order":0,"comment_status":"closed","ping_status":"open","template":"","meta":{"footnotes":""},"class_list":["post-654","page","type-page","status-publish","hentry"],"_links":{"self":[{"href":"https:\/\/www.urbem.eu\/wordpress\/index.php?rest_route=\/wp\/v2\/pages\/654","targetHints":{"allow":["GET"]}}],"collection":[{"href":"https:\/\/www.urbem.eu\/wordpress\/index.php?rest_route=\/wp\/v2\/pages"}],"about":[{"href":"https:\/\/www.urbem.eu\/wordpress\/index.php?rest_route=\/wp\/v2\/types\/page"}],"author":[{"embeddable":true,"href":"https:\/\/www.urbem.eu\/wordpress\/index.php?rest_route=\/wp\/v2\/users\/1"}],"replies":[{"embeddable":true,"href":"https:\/\/www.urbem.eu\/wordpress\/index.php?rest_route=%2Fwp%2Fv2%2Fcomments&post=654"}],"version-history":[{"count":6,"href":"https:\/\/www.urbem.eu\/wordpress\/index.php?rest_route=\/wp\/v2\/pages\/654\/revisions"}],"predecessor-version":[{"id":961,"href":"https:\/\/www.urbem.eu\/wordpress\/index.php?rest_route=\/wp\/v2\/pages\/654\/revisions\/961"}],"wp:attachment":[{"href":"https:\/\/www.urbem.eu\/wordpress\/index.php?rest_route=%2Fwp%2Fv2%2Fmedia&parent=654"}],"curies":[{"name":"wp","href":"https:\/\/api.w.org\/{rel}","templated":true}]}}