{"id":691,"date":"2013-06-17T18:35:05","date_gmt":"2013-06-17T17:35:05","guid":{"rendered":"http:\/\/www.urbem.eu\/wordpress\/?page_id=691"},"modified":"2015-06-01T11:51:14","modified_gmt":"2015-06-01T09:51:14","slug":"informe-est-hidraulico-del-parque-empresarial-alto-ason","status":"publish","type":"page","link":"https:\/\/www.urbem.eu\/wordpress\/?page_id=691","title":{"rendered":"Informe est. hidra\u00falico del Parque Empresarial \u00abAlto As\u00f3n\u00bb"},"content":{"rendered":"<h1>Ramales de la Victoria, Cantabria.<\/h1>\n<p>Estudio de inundabilidad.<\/p>\n<p>Longitud: 1.200 m. r\u00edo Carranza<\/p>\n<p>Cliente: SICAN<\/p>\n<p>Descripci\u00f3n gr\u00e1fica:<\/p>\n<figure id=\"attachment_692\" aria-describedby=\"caption-attachment-692\" style=\"width: 500px\" class=\"wp-caption alignnone\"><a href=\"http:\/\/www.urbem.eu\/wordpress\/wp-content\/uploads\/2013\/06\/ramales_ae.jpg\"><img loading=\"lazy\" decoding=\"async\" class=\"wp-image-692 size-full\" src=\"http:\/\/www.urbem.eu\/wordpress\/wp-content\/uploads\/2013\/06\/ramales_ae.jpg\" alt=\"ramales_ae\" width=\"500\" height=\"335\" srcset=\"https:\/\/www.urbem.eu\/wordpress\/wp-content\/uploads\/2013\/06\/ramales_ae.jpg 500w, https:\/\/www.urbem.eu\/wordpress\/wp-content\/uploads\/2013\/06\/ramales_ae-300x201.jpg 300w, https:\/\/www.urbem.eu\/wordpress\/wp-content\/uploads\/2013\/06\/ramales_ae-447x300.jpg 447w\" sizes=\"auto, (max-width: 500px) 100vw, 500px\" \/><\/a><figcaption id=\"caption-attachment-692\" class=\"wp-caption-text\">Vista del \u00e1mbito del parque empresarial.<\/figcaption><\/figure>\n<figure id=\"attachment_693\" aria-describedby=\"caption-attachment-693\" style=\"width: 500px\" class=\"wp-caption alignnone\"><a href=\"http:\/\/www.urbem.eu\/wordpress\/wp-content\/uploads\/2013\/06\/ramales_cauce.jpg\"><img loading=\"lazy\" decoding=\"async\" class=\"wp-image-693 size-full\" src=\"http:\/\/www.urbem.eu\/wordpress\/wp-content\/uploads\/2013\/06\/ramales_cauce.jpg\" alt=\"ramales_cauce\" width=\"500\" height=\"339\" srcset=\"https:\/\/www.urbem.eu\/wordpress\/wp-content\/uploads\/2013\/06\/ramales_cauce.jpg 500w, https:\/\/www.urbem.eu\/wordpress\/wp-content\/uploads\/2013\/06\/ramales_cauce-300x203.jpg 300w, https:\/\/www.urbem.eu\/wordpress\/wp-content\/uploads\/2013\/06\/ramales_cauce-442x300.jpg 442w\" sizes=\"auto, (max-width: 500px) 100vw, 500px\" \/><\/a><figcaption id=\"caption-attachment-693\" class=\"wp-caption-text\">Influencia de variables en la mancha de inundabilidad T500.<\/figcaption><\/figure>\n<figure id=\"attachment_698\" aria-describedby=\"caption-attachment-698\" style=\"width: 500px\" class=\"wp-caption alignnone\"><a href=\"http:\/\/www.urbem.eu\/wordpress\/wp-content\/uploads\/2013\/06\/ramales_inun.jpg\"><img loading=\"lazy\" decoding=\"async\" class=\"wp-image-698 size-full\" src=\"http:\/\/www.urbem.eu\/wordpress\/wp-content\/uploads\/2013\/06\/ramales_inun.jpg\" alt=\"ramales_inun\" width=\"500\" height=\"342\" srcset=\"https:\/\/www.urbem.eu\/wordpress\/wp-content\/uploads\/2013\/06\/ramales_inun.jpg 500w, https:\/\/www.urbem.eu\/wordpress\/wp-content\/uploads\/2013\/06\/ramales_inun-300x205.jpg 300w, https:\/\/www.urbem.eu\/wordpress\/wp-content\/uploads\/2013\/06\/ramales_inun-438x300.jpg 438w\" sizes=\"auto, (max-width: 500px) 100vw, 500px\" \/><\/a><figcaption id=\"caption-attachment-698\" class=\"wp-caption-text\">Comparaci\u00f3n con Sistema Nacional de Cartograf\u00eda de Zonas Inundables T500.<\/figcaption><\/figure>\n","protected":false},"excerpt":{"rendered":"<p>Ramales de la Victoria, Cantabria. Estudio de inundabilidad. Longitud: 1.200 m. r\u00edo Carranza Cliente: SICAN Descripci\u00f3n gr\u00e1fica:<\/p>\n","protected":false},"author":1,"featured_media":0,"parent":0,"menu_order":0,"comment_status":"closed","ping_status":"closed","template":"page-templates\/full-width.php","meta":{"footnotes":""},"class_list":["post-691","page","type-page","status-publish","hentry"],"_links":{"self":[{"href":"https:\/\/www.urbem.eu\/wordpress\/index.php?rest_route=\/wp\/v2\/pages\/691","targetHints":{"allow":["GET"]}}],"collection":[{"href":"https:\/\/www.urbem.eu\/wordpress\/index.php?rest_route=\/wp\/v2\/pages"}],"about":[{"href":"https:\/\/www.urbem.eu\/wordpress\/index.php?rest_route=\/wp\/v2\/types\/page"}],"author":[{"embeddable":true,"href":"https:\/\/www.urbem.eu\/wordpress\/index.php?rest_route=\/wp\/v2\/users\/1"}],"replies":[{"embeddable":true,"href":"https:\/\/www.urbem.eu\/wordpress\/index.php?rest_route=%2Fwp%2Fv2%2Fcomments&post=691"}],"version-history":[{"count":5,"href":"https:\/\/www.urbem.eu\/wordpress\/index.php?rest_route=\/wp\/v2\/pages\/691\/revisions"}],"predecessor-version":[{"id":975,"href":"https:\/\/www.urbem.eu\/wordpress\/index.php?rest_route=\/wp\/v2\/pages\/691\/revisions\/975"}],"wp:attachment":[{"href":"https:\/\/www.urbem.eu\/wordpress\/index.php?rest_route=%2Fwp%2Fv2%2Fmedia&parent=691"}],"curies":[{"name":"wp","href":"https:\/\/api.w.org\/{rel}","templated":true}]}}