{"id":707,"date":"2013-06-17T19:26:03","date_gmt":"2013-06-17T18:26:03","guid":{"rendered":"http:\/\/www.urbem.eu\/wordpress\/?page_id=707"},"modified":"2015-12-04T12:26:29","modified_gmt":"2015-12-04T11:26:29","slug":"mejora-de-la-red-de-alcantarillado-vazquez-de-mella-n-montana-san-martin-manuel-prieto-lavin","status":"publish","type":"page","link":"https:\/\/www.urbem.eu\/wordpress\/?page_id=707","title":{"rendered":"Mejora de la red de alcantarillado. V\u00e1zquez de Mella, N. Monta\u00f1a, San Mart\u00edn, Manuel Prieto Lav\u00edn."},"content":{"rendered":"<h1>Santander, Cantabria.<\/h1>\n<p>Proyecto de Construcci\u00f3n.<\/p>\n<p>A\u00f1o de construcci\u00f3n: 2013<\/p>\n<p>Cliente: AQUALIA, EXCMO. AYTO. SANTANDER<\/p>\n<p><a href=\"http:\/\/www.urbem.eu\/wordpress\/wp-content\/uploads\/2013\/06\/mejora_alc00.jpg\"><img loading=\"lazy\" decoding=\"async\" class=\"size-full wp-image-708 aligncenter\" src=\"http:\/\/www.urbem.eu\/wordpress\/wp-content\/uploads\/2013\/06\/mejora_alc00.jpg\" alt=\"mejora_alc00\" width=\"500\" height=\"456\" srcset=\"https:\/\/www.urbem.eu\/wordpress\/wp-content\/uploads\/2013\/06\/mejora_alc00.jpg 500w, https:\/\/www.urbem.eu\/wordpress\/wp-content\/uploads\/2013\/06\/mejora_alc00-300x273.jpg 300w, https:\/\/www.urbem.eu\/wordpress\/wp-content\/uploads\/2013\/06\/mejora_alc00-328x300.jpg 328w\" sizes=\"auto, (max-width: 500px) 100vw, 500px\" \/><\/a> <a href=\"http:\/\/www.urbem.eu\/wordpress\/wp-content\/uploads\/2013\/06\/mejora_alc01.jpg\"><img loading=\"lazy\" decoding=\"async\" class=\"size-full wp-image-709 aligncenter\" src=\"http:\/\/www.urbem.eu\/wordpress\/wp-content\/uploads\/2013\/06\/mejora_alc01.jpg\" alt=\"mejora_alc01\" width=\"567\" height=\"232\" srcset=\"https:\/\/www.urbem.eu\/wordpress\/wp-content\/uploads\/2013\/06\/mejora_alc01.jpg 567w, https:\/\/www.urbem.eu\/wordpress\/wp-content\/uploads\/2013\/06\/mejora_alc01-300x122.jpg 300w, https:\/\/www.urbem.eu\/wordpress\/wp-content\/uploads\/2013\/06\/mejora_alc01-500x204.jpg 500w\" sizes=\"auto, (max-width: 567px) 100vw, 567px\" \/><\/a><\/p>\n","protected":false},"excerpt":{"rendered":"<p>Santander, Cantabria. Proyecto de Construcci\u00f3n. A\u00f1o de construcci\u00f3n: 2013 Cliente: AQUALIA, EXCMO. AYTO. SANTANDER<\/p>\n","protected":false},"author":1,"featured_media":0,"parent":0,"menu_order":0,"comment_status":"closed","ping_status":"closed","template":"page-templates\/full-width.php","meta":{"footnotes":""},"class_list":["post-707","page","type-page","status-publish","hentry"],"_links":{"self":[{"href":"https:\/\/www.urbem.eu\/wordpress\/index.php?rest_route=\/wp\/v2\/pages\/707","targetHints":{"allow":["GET"]}}],"collection":[{"href":"https:\/\/www.urbem.eu\/wordpress\/index.php?rest_route=\/wp\/v2\/pages"}],"about":[{"href":"https:\/\/www.urbem.eu\/wordpress\/index.php?rest_route=\/wp\/v2\/types\/page"}],"author":[{"embeddable":true,"href":"https:\/\/www.urbem.eu\/wordpress\/index.php?rest_route=\/wp\/v2\/users\/1"}],"replies":[{"embeddable":true,"href":"https:\/\/www.urbem.eu\/wordpress\/index.php?rest_route=%2Fwp%2Fv2%2Fcomments&post=707"}],"version-history":[{"count":6,"href":"https:\/\/www.urbem.eu\/wordpress\/index.php?rest_route=\/wp\/v2\/pages\/707\/revisions"}],"predecessor-version":[{"id":1239,"href":"https:\/\/www.urbem.eu\/wordpress\/index.php?rest_route=\/wp\/v2\/pages\/707\/revisions\/1239"}],"wp:attachment":[{"href":"https:\/\/www.urbem.eu\/wordpress\/index.php?rest_route=%2Fwp%2Fv2%2Fmedia&parent=707"}],"curies":[{"name":"wp","href":"https:\/\/api.w.org\/{rel}","templated":true}]}}