{"id":755,"date":"2014-04-10T11:41:22","date_gmt":"2014-04-10T10:41:22","guid":{"rendered":"http:\/\/www.urbem.eu\/wordpress\/?page_id=755"},"modified":"2015-06-01T11:58:21","modified_gmt":"2015-06-01T09:58:21","slug":"mejora-de-movilidad-entre-la-calle-castilla-y-la-calle-alta","status":"publish","type":"page","link":"https:\/\/www.urbem.eu\/wordpress\/?page_id=755","title":{"rendered":"Mejora de movilidad entre la calle Castilla y la calle Alta"},"content":{"rendered":"<h1>Santander.<\/h1>\n<p>Proyecto de Construcci\u00f3n<\/p>\n<p>A\u00f1o de redacci\u00f3n: 2013<\/p>\n<p>Cliente: Ayuntamiento de Santander<\/p>\n<p>Descripci\u00f3n gr\u00e1fica:<\/p>\n<figure id=\"attachment_762\" aria-describedby=\"caption-attachment-762\" style=\"width: 850px\" class=\"wp-caption alignnone\"><a href=\"http:\/\/www.urbem.eu\/wordpress\/wp-content\/uploads\/2014\/04\/pasarela_alta.jpg\"><img loading=\"lazy\" decoding=\"async\" class=\"wp-image-762 size-full\" src=\"http:\/\/www.urbem.eu\/wordpress\/wp-content\/uploads\/2014\/04\/pasarela_alta.jpg\" alt=\"pasarela_alta\" width=\"850\" height=\"448\" srcset=\"https:\/\/www.urbem.eu\/wordpress\/wp-content\/uploads\/2014\/04\/pasarela_alta.jpg 850w, https:\/\/www.urbem.eu\/wordpress\/wp-content\/uploads\/2014\/04\/pasarela_alta-300x158.jpg 300w, https:\/\/www.urbem.eu\/wordpress\/wp-content\/uploads\/2014\/04\/pasarela_alta-500x263.jpg 500w\" sizes=\"auto, (max-width: 850px) 100vw, 850px\" \/><\/a><figcaption id=\"caption-attachment-762\" class=\"wp-caption-text\">Alzado y planta de la pasarela sobre la\u00a0plataforma ferroviaria.<\/figcaption><\/figure>\n<p>La deficiente conexi\u00f3n transversal entre los barrios de la calle Alta y la calle Castilla motivan la redacci\u00f3n del presente proyecto.<\/p>\n<p style=\"text-align: justify;\">Inicialmente, se plantean los criterios de dise\u00f1o b\u00e1sicos y las necesidades que debe satisfacer la soluci\u00f3n propuesta. Por un lado, se analizan los ejes transversales al espacio ferroviario en sus extremos norte y sur, con el fin de buscar un punto de cruce que permita salvar el fuerte desnivel existente con unas adecuadas condiciones de accesibilidad.\u00a0 Por otro lado, se plantean las restricciones propias del espacio ferroviario, muy condicionado en planta y g\u00e1libo vertical por la circulaci\u00f3n de trenes.<\/p>\n<p style=\"text-align: justify;\">A lo largo del eje de la calle Castilla se analiza el tramo central, que se considera la franja id\u00f3nea para establecer la nueva conexi\u00f3n. \u00c9sta deber\u00e1 estar suficientemente lejos del t\u00fanel situado junto a las estaciones y del vial que discurre entre la Marga y Cuatro Caminos.<\/p>\n<p style=\"text-align: justify;\">Por otro lado, a lo largo del cierre sur del espacio ferroviario se suceden los talleres, centros log\u00edsticos, edificios propios de la explotaci\u00f3n del\u00a0 ferrocarril, etc, que tampoco permiten establecer un punto de penetraci\u00f3n transversal. As\u00ed, concluimos que el punto id\u00f3neo es la prolongaci\u00f3n de la calle Carlos Haya situada entre el Centro de Salud y el edificio de oficinas de Feve, en donde existe espacio suficiente para generar el acceso a la nueva pasarela.<\/p>\n<figure id=\"attachment_765\" aria-describedby=\"caption-attachment-765\" style=\"width: 850px\" class=\"wp-caption alignnone\"><a href=\"http:\/\/www.urbem.eu\/wordpress\/wp-content\/uploads\/2014\/04\/2013-07_pasarela-Castilla-Alta_w.jpg\"><img loading=\"lazy\" decoding=\"async\" class=\"wp-image-765 size-full\" src=\"http:\/\/www.urbem.eu\/wordpress\/wp-content\/uploads\/2014\/04\/2013-07_pasarela-Castilla-Alta_w.jpg\" alt=\"M:2013-07_CONEXION C-CASTILLA-C-ALTA400__PROYECTO URBANIZACION\" width=\"850\" height=\"830\" srcset=\"https:\/\/www.urbem.eu\/wordpress\/wp-content\/uploads\/2014\/04\/2013-07_pasarela-Castilla-Alta_w.jpg 850w, https:\/\/www.urbem.eu\/wordpress\/wp-content\/uploads\/2014\/04\/2013-07_pasarela-Castilla-Alta_w-300x292.jpg 300w, https:\/\/www.urbem.eu\/wordpress\/wp-content\/uploads\/2014\/04\/2013-07_pasarela-Castilla-Alta_w-307x300.jpg 307w\" sizes=\"auto, (max-width: 850px) 100vw, 850px\" \/><\/a><figcaption id=\"caption-attachment-765\" class=\"wp-caption-text\">Planta completa sobre cartograf\u00eda y ortofoto del entorno.<\/figcaption><\/figure>\n<p style=\"text-align: justify;\">Sobre la plataforma del ferrocarril se plantea una pasarela de gran anchura que genere una nueva calle elevada, huyendo de recorridos sinuosos y anchuras de paso reducidas.<\/p>\n<p style=\"text-align: justify;\">En cuanto al extremo norte, a la vista del fuerte desnivel existente, se considera imprescindible recurrir a elementos de elevaci\u00f3n mec\u00e1nica para conectar la calle Castilla y la calle Alta. \u00c9stos deber\u00e1n tener capacidad suficiente para el elevado nivel de uso que se prev\u00e9. Se plantea desembarcar del nuevo ascensor a trav\u00e9s de una segunda pasarela que llega a las pistas deportivas situadas junto al Colegio Viveros. Este espacio, de titularidad privada y uso p\u00fablico, es la cubierta de un aparcamiento de cuatro s\u00f3tanos que se acondicionar\u00e1 para servir como acceso al elevador.<\/p>\n","protected":false},"excerpt":{"rendered":"<p>Santander. Proyecto de Construcci\u00f3n A\u00f1o de redacci\u00f3n: 2013 Cliente: Ayuntamiento de Santander Descripci\u00f3n gr\u00e1fica: La deficiente conexi\u00f3n transversal entre los barrios de la calle Alta y la calle Castilla motivan la redacci\u00f3n del presente proyecto. Inicialmente, se plantean los criterios de dise\u00f1o b\u00e1sicos y las necesidades que debe satisfacer la soluci\u00f3n propuesta. Por un lado, [&hellip;]<\/p>\n","protected":false},"author":1,"featured_media":0,"parent":0,"menu_order":0,"comment_status":"closed","ping_status":"closed","template":"page-templates\/full-width.php","meta":{"footnotes":""},"class_list":["post-755","page","type-page","status-publish","hentry"],"_links":{"self":[{"href":"https:\/\/www.urbem.eu\/wordpress\/index.php?rest_route=\/wp\/v2\/pages\/755","targetHints":{"allow":["GET"]}}],"collection":[{"href":"https:\/\/www.urbem.eu\/wordpress\/index.php?rest_route=\/wp\/v2\/pages"}],"about":[{"href":"https:\/\/www.urbem.eu\/wordpress\/index.php?rest_route=\/wp\/v2\/types\/page"}],"author":[{"embeddable":true,"href":"https:\/\/www.urbem.eu\/wordpress\/index.php?rest_route=\/wp\/v2\/users\/1"}],"replies":[{"embeddable":true,"href":"https:\/\/www.urbem.eu\/wordpress\/index.php?rest_route=%2Fwp%2Fv2%2Fcomments&post=755"}],"version-history":[{"count":11,"href":"https:\/\/www.urbem.eu\/wordpress\/index.php?rest_route=\/wp\/v2\/pages\/755\/revisions"}],"predecessor-version":[{"id":977,"href":"https:\/\/www.urbem.eu\/wordpress\/index.php?rest_route=\/wp\/v2\/pages\/755\/revisions\/977"}],"wp:attachment":[{"href":"https:\/\/www.urbem.eu\/wordpress\/index.php?rest_route=%2Fwp%2Fv2%2Fmedia&parent=755"}],"curies":[{"name":"wp","href":"https:\/\/api.w.org\/{rel}","templated":true}]}}