{"id":769,"date":"2014-04-11T10:13:01","date_gmt":"2014-04-11T09:13:01","guid":{"rendered":"http:\/\/www.urbem.eu\/wordpress\/?page_id=769"},"modified":"2015-12-10T12:55:41","modified_gmt":"2015-12-10T11:55:41","slug":"senda-peatonal-ria-del-pas-boo-de-pielagos-itinerarios-grl-37-y-prl-38","status":"publish","type":"page","link":"https:\/\/www.urbem.eu\/wordpress\/?page_id=769","title":{"rendered":"Senda peatonal R\u00eda del Pas-Boo de Pi\u00e9lagos, itinerarios GRL 37 y PRL 38"},"content":{"rendered":"<h1>Pi\u00e9lagos, Cantabria.<\/h1>\n<p>Senda peatonal.<\/p>\n<p>Cliente: Ayuntamiento de Pi\u00e9lagos<\/p>\n<p><a href=\"https:\/\/www.google.es\/maps\/@43.4389002,-3.9944271,3468a,20y,90h,40.95t\/data=!3m1!1e3\" target=\"_blank\"><img loading=\"lazy\" decoding=\"async\" class=\"alignright wp-image-135\" title=\"google-map-logo\" src=\"http:\/\/i1.wp.com\/www.urbem.eu\/wordpress\/wp-content\/uploads\/2012\/09\/google-map-logo.gif?resize=50%2C50\" alt=\"\" width=\"50\" height=\"50\" \/><img loading=\"lazy\" decoding=\"async\" class=\"aligncenter size-full wp-image-1355\" src=\"http:\/\/www.urbem.eu\/wordpress\/wp-content\/uploads\/2014\/04\/2013-10_sit.jpg\" alt=\"Presentaci\u00f3n2\" width=\"1000\" height=\"983\" srcset=\"https:\/\/www.urbem.eu\/wordpress\/wp-content\/uploads\/2014\/04\/2013-10_sit.jpg 1000w, https:\/\/www.urbem.eu\/wordpress\/wp-content\/uploads\/2014\/04\/2013-10_sit-300x295.jpg 300w, https:\/\/www.urbem.eu\/wordpress\/wp-content\/uploads\/2014\/04\/2013-10_sit-768x755.jpg 768w\" sizes=\"auto, (max-width: 1000px) 100vw, 1000px\" \/><br \/>\n<\/a><\/p>\n<p>El objeto del proyecto es facilitar el uso y disfrute de la ribera del Pas, mediante la creaci\u00f3n de un camino que permita pasear o andar en bici relativamente cerca del r\u00edo en condiciones de seguridad y proximidad al cauce, cuyo estuario constituye uno de los enclaves de mayor valor paisaj\u00edstico de la zona.<\/p>\n<p style=\"text-align: justify;\">Parte del recorrido se plantea sobre la traza de caminos existentes, cuyo estado de conservaci\u00f3n es, en algunos casos, deficiente. En este sentido, se puede afirmar que la obra se desarrolla sobre una infraestructura deteriorada.<\/p>\n<p style=\"text-align: justify;\">La segunda mitad de la senda, que se ejecuta sobre plataforma existente, requiere continuos bacheos, debido al paso de veh\u00edculos sobre una plataforma de insuficiente capacidad.<\/p>\n<figure id=\"attachment_1357\" aria-describedby=\"caption-attachment-1357\" style=\"width: 1000px\" class=\"wp-caption aligncenter\"><img loading=\"lazy\" decoding=\"async\" class=\"wp-image-1357 size-full\" src=\"http:\/\/www.urbem.eu\/wordpress\/wp-content\/uploads\/2014\/04\/2013-10_SECC_T.jpg\" alt=\"Model\" width=\"1000\" height=\"592\" srcset=\"https:\/\/www.urbem.eu\/wordpress\/wp-content\/uploads\/2014\/04\/2013-10_SECC_T.jpg 1000w, https:\/\/www.urbem.eu\/wordpress\/wp-content\/uploads\/2014\/04\/2013-10_SECC_T-300x178.jpg 300w, https:\/\/www.urbem.eu\/wordpress\/wp-content\/uploads\/2014\/04\/2013-10_SECC_T-768x455.jpg 768w\" sizes=\"auto, (max-width: 1000px) 100vw, 1000px\" \/><figcaption id=\"caption-attachment-1357\" class=\"wp-caption-text\">Secciones camino existente y pasarela en zona meandro.<\/figcaption><\/figure>\n<p style=\"text-align: justify;\">Otro de los puntos deteriorados del recorrido es el paso bajo el puente de FEVE, habitualmente ensuciado por residuos, escombros, botellas o envases. El proyecto incluye un paso-embarcadero fluvial que dignifica este espacio, poni\u00e9ndolo a disposici\u00f3n del ciudadano en condiciones de salubridad m\u00ednimas.<\/p>\n","protected":false},"excerpt":{"rendered":"<p>Pi\u00e9lagos, Cantabria. Senda peatonal. Cliente: Ayuntamiento de Pi\u00e9lagos El objeto del proyecto es facilitar el uso y disfrute de la ribera del Pas, mediante la creaci\u00f3n de un camino que permita pasear o andar en bici relativamente cerca del r\u00edo en condiciones de seguridad y proximidad al cauce, cuyo estuario constituye uno de los enclaves [&hellip;]<\/p>\n","protected":false},"author":1,"featured_media":0,"parent":0,"menu_order":0,"comment_status":"closed","ping_status":"closed","template":"page-templates\/full-width.php","meta":{"footnotes":""},"class_list":["post-769","page","type-page","status-publish","hentry"],"_links":{"self":[{"href":"https:\/\/www.urbem.eu\/wordpress\/index.php?rest_route=\/wp\/v2\/pages\/769","targetHints":{"allow":["GET"]}}],"collection":[{"href":"https:\/\/www.urbem.eu\/wordpress\/index.php?rest_route=\/wp\/v2\/pages"}],"about":[{"href":"https:\/\/www.urbem.eu\/wordpress\/index.php?rest_route=\/wp\/v2\/types\/page"}],"author":[{"embeddable":true,"href":"https:\/\/www.urbem.eu\/wordpress\/index.php?rest_route=\/wp\/v2\/users\/1"}],"replies":[{"embeddable":true,"href":"https:\/\/www.urbem.eu\/wordpress\/index.php?rest_route=%2Fwp%2Fv2%2Fcomments&post=769"}],"version-history":[{"count":12,"href":"https:\/\/www.urbem.eu\/wordpress\/index.php?rest_route=\/wp\/v2\/pages\/769\/revisions"}],"predecessor-version":[{"id":1359,"href":"https:\/\/www.urbem.eu\/wordpress\/index.php?rest_route=\/wp\/v2\/pages\/769\/revisions\/1359"}],"wp:attachment":[{"href":"https:\/\/www.urbem.eu\/wordpress\/index.php?rest_route=%2Fwp%2Fv2%2Fmedia&parent=769"}],"curies":[{"name":"wp","href":"https:\/\/api.w.org\/{rel}","templated":true}]}}