{"id":778,"date":"2014-04-11T10:46:00","date_gmt":"2014-04-11T09:46:00","guid":{"rendered":"http:\/\/www.urbem.eu\/wordpress\/?page_id=778"},"modified":"2019-04-25T13:26:31","modified_gmt":"2019-04-25T11:26:31","slug":"saneamientos-y-abastecimientos","status":"publish","type":"page","link":"https:\/\/www.urbem.eu\/wordpress\/?page_id=778","title":{"rendered":"Saneamientos y abastecimientos"},"content":{"rendered":"<h4>P: Proyecto; DO: Direcci\u00f3n de Obra<\/h4>\n<ul>\n<li>Renovaci\u00f3n de la red de abastecimiento en La Fol\u00eda, Joaqu\u00edn Costa y San Luis y de la red de saneamiento en san Luis. Santander: P, DO<\/li>\n<li>Renovaci\u00f3n de la red de abastecimiento en Pronillo, Av. del Deporte, y Augusto G. Linares. Santander: P, DO<\/li>\n<li>Ampliaci\u00f3n de la estaci\u00f3n de bombeo de agua potable y saneamiento en Piasca, Ayto. de Cabez\u00f3n de Li\u00e9bana: P<\/li>\n<li><a href=\"http:\/\/www.urbem.eu\/wordpress\/?page_id=1192\">Ampliaci\u00f3n de caudal a Fombellida y suministro de agua a estaci\u00f3n de servicio, Campoo de En medio: P<\/a><\/li>\n<li><a href=\"http:\/\/www.urbem.eu\/wordpress\/?page_id=847\">Nuevo colector para desviar vertidos de aguas residuales debajo de la captaci\u00f3n de Ria\u00f1o, H. de Campoo de Suso: P<\/a><\/li>\n<li><a href=\"http:\/\/www.urbem.eu\/wordpress\/?page_id=798\">Nueva acometida de agua y bombeo para el barrio de El Jurri\u00f3 Alto, en Parbay\u00f3n: P<\/a><\/li>\n<li><a href=\"http:\/\/www.urbem.eu\/wordpress\/?page_id=805\">Estudio de alternativas para renovaci\u00f3n de tuber\u00eda de agua potable entre Zurita y Vio\u00f1o, Pi\u00e9lagos: P<\/a><\/li>\n<li><a href=\"http:\/\/www.urbem.eu\/wordpress\/?page_id=1244\">Renovaci\u00f3n de tuber\u00eda de agua potable entre Zurita y Vio\u00f1o: P<\/a><\/li>\n<li><a href=\"http:\/\/www.urbem.eu\/wordpress\/?page_id=785\">Abastecimiento de agua a Estallo y nueva captaci\u00f3n en Portillo, Vega de Pas: P<\/a><\/li>\n<li><a href=\" http:\/\/www.urbem.eu\/wordpress\/?page_id=707\" target=\"_blank\" rel=\"noopener noreferrer\">Mejora de la red de alcantarillado, V\u00e1zquez de Mella, N. Monta\u00f1a, San Mart\u00edn, \u00a0y Manuel Prieto Lav\u00edn. Santander<\/a><\/li>\n<li><a href=\"http:\/\/www.urbem.eu\/wordpress\/?p=1651\" target=\"_blank\" rel=\"noopener noreferrer\">Renovaci\u00f3n y tratamiento de agua en el abastecimiento a Soto. Hermandad de Campoo de Suso: P<\/a><\/li>\n<li><a href=\"https:\/\/www.urbem.eu\/wordpress\/?p=1795\" target=\"_blank\" rel=\"noopener noreferrer\">Renovaci\u00f3n de la red de abastecimiento de agua en el pueblo de Bueras: P<\/a><\/li>\n<\/ul>\n","protected":false},"excerpt":{"rendered":"<p>P: Proyecto; DO: Direcci\u00f3n de Obra Renovaci\u00f3n de la red de abastecimiento en La Fol\u00eda, Joaqu\u00edn Costa y San Luis y de la red de saneamiento en san Luis. Santander: P, DO Renovaci\u00f3n de la red de abastecimiento en Pronillo, Av. del Deporte, y Augusto G. Linares. Santander: P, DO Ampliaci\u00f3n de la estaci\u00f3n de [&hellip;]<\/p>\n","protected":false},"author":1,"featured_media":0,"parent":0,"menu_order":0,"comment_status":"closed","ping_status":"closed","template":"page-templates\/full-width.php","meta":{"footnotes":""},"class_list":["post-778","page","type-page","status-publish","hentry"],"_links":{"self":[{"href":"https:\/\/www.urbem.eu\/wordpress\/index.php?rest_route=\/wp\/v2\/pages\/778","targetHints":{"allow":["GET"]}}],"collection":[{"href":"https:\/\/www.urbem.eu\/wordpress\/index.php?rest_route=\/wp\/v2\/pages"}],"about":[{"href":"https:\/\/www.urbem.eu\/wordpress\/index.php?rest_route=\/wp\/v2\/types\/page"}],"author":[{"embeddable":true,"href":"https:\/\/www.urbem.eu\/wordpress\/index.php?rest_route=\/wp\/v2\/users\/1"}],"replies":[{"embeddable":true,"href":"https:\/\/www.urbem.eu\/wordpress\/index.php?rest_route=%2Fwp%2Fv2%2Fcomments&post=778"}],"version-history":[{"count":16,"href":"https:\/\/www.urbem.eu\/wordpress\/index.php?rest_route=\/wp\/v2\/pages\/778\/revisions"}],"predecessor-version":[{"id":1853,"href":"https:\/\/www.urbem.eu\/wordpress\/index.php?rest_route=\/wp\/v2\/pages\/778\/revisions\/1853"}],"wp:attachment":[{"href":"https:\/\/www.urbem.eu\/wordpress\/index.php?rest_route=%2Fwp%2Fv2%2Fmedia&parent=778"}],"curies":[{"name":"wp","href":"https:\/\/api.w.org\/{rel}","templated":true}]}}