{"id":8,"date":"2012-09-17T08:52:43","date_gmt":"2012-09-17T06:52:43","guid":{"rendered":"http:\/\/www.urbem.eu\/wordpress\/?page_id=6"},"modified":"2019-04-26T10:10:05","modified_gmt":"2019-04-26T08:10:05","slug":"planeamiento","status":"publish","type":"page","link":"https:\/\/www.urbem.eu\/wordpress\/?page_id=8","title":{"rendered":"Desarrollo urban\u00edstico"},"content":{"rendered":"<h4 style=\"text-align: left;\">ED: Estudio de Detalle; PP: Plan Parcial; MP: Modificaci\u00f3n Puntual; PC: Proyecto de Compensaci\u00f3n; PU: Proyecto de Urbanizaci\u00f3n; DO: Direcci\u00f3n de Obra<\/h4>\n<ul>\n<li><a href=\"http:\/\/www.urbem.eu\/wordpress\/?p=1566\">Sector VI El Valle &#8211; Pol\u00edgono 1, Torrelavega: DO<\/a><\/li>\n<li>Sector URB-10 PGOU Polanco: PC, PU, DO<\/li>\n<li><a href=\"http:\/\/www.urbem.eu\/wordpress\/?p=1536\">\u00c1rea 16 Altzate, Renter\u00eda-Lezo: Preestudios de ordenaci\u00f3n y gesti\u00f3n, modif. Plan Especial<\/a><\/li>\n<li><a href=\"http:\/\/www.urbem.eu\/wordpress\/?p=1555\">Sector Mant\u00faliz, Derio: Estudio de alternativas, modif. Plan Parcial<\/a><\/li>\n<li><a href=\"http:\/\/www.urbem.eu\/wordpress\/?page_id=841\">Sector 2 Alday. Camargo: PU<\/a><\/li>\n<li><a href=\"http:\/\/www.urbem.eu\/wordpress\/?page_id=400\">SUP-10, Santander: PP<\/a><\/li>\n<li><a href=\"http:\/\/www.urbem.eu\/wordpress\/?page_id=831\">SUNP 4\u00a0 \u00abLa Loma\u00bb\u00a0 PGOU Castro Urdiales: MP<\/a><\/li>\n<li><a href=\"http:\/\/www.urbem.eu\/wordpress\/?page_id=105\">Sector 4 de Santander: PP, PU, DO<\/a><\/li>\n<li><a href=\"http:\/\/www.urbem.eu\/wordpress\/?page_id=150\">Sector 3, Santa Cruz de Bezana: PP, PU, DO<\/a><\/li>\n<li><a href=\"http:\/\/www.urbem.eu\/wordpress\/?page_id=150\" target=\"_blank\" rel=\"noopener noreferrer\">Sector 36, Santa Cruz de Bezana: PP, PU, DO<\/a><\/li>\n<li><a href=\" http:\/\/www.urbem.eu\/wordpress\/?page_id=194 \" target=\"_blank\" rel=\"noopener noreferrer\">Plan Parcial del Sector 41, Santa Cruz de Bezana: PP<\/a><\/li>\n<li><a href=\" http:\/\/www.urbem.eu\/wordpress\/?page_id=198 \" target=\"_blank\" rel=\"noopener noreferrer\">Suelo industrial en Gornazo, Miengo: PP<\/a><\/li>\n<li>Parcela \u00a0para VPO en Orejo, Marina de Cudeyo: MP<\/li>\n<li><a href=\"http:\/\/www.urbem.eu\/wordpress\/?page_id=188\" target=\"_blank\" rel=\"noopener noreferrer\">Sector 10, Santa Cruz de Bezana: PP<\/a><\/li>\n<li><a href=\"http:\/\/www.urbem.eu\/wordpress\/?page_id=191\" target=\"_blank\" rel=\"noopener noreferrer\">Sector 12, Santa Cruz de Bezana: PP<\/a><\/li>\n<li><a href=\"http:\/\/www.urbem.eu\/wordpress\/?page_id=178 \" target=\"_blank\" rel=\"noopener noreferrer\">Sector 37-1, Santa Cruz de Bezana: PP, PU<\/a><\/li>\n<li><a href=\"http:\/\/www.urbem.eu\/wordpress\/?page_id=181\" target=\"_blank\" rel=\"noopener noreferrer\">Sector 37-2, Santa Cruz de Bezana: PP, PU<\/a><\/li>\n<li><a href=\"http:\/\/www.urbem.eu\/wordpress\/?page_id=172\" target=\"_blank\" rel=\"noopener noreferrer\">Colaboraci\u00f3n en el Plan Parcial del Area 8, Puente San Miguel Sur: PU, DO<\/a><\/li>\n<li><a href=\"http:\/\/www.urbem.eu\/wordpress\/?page_id=196\" target=\"_blank\" rel=\"noopener noreferrer\">Sector 107, Santa Cruz de Bezana: PP, MP<\/a><\/li>\n<li><a href=\"http:\/\/www.urbem.eu\/wordpress\/?page_id=201\" target=\"_blank\" rel=\"noopener noreferrer\">Documento con las determinaciones de un Plan Parcial para PSIR en D\u00edcido; Ecoparque Mio\u00f1o, S.L.<\/a><\/li>\n<li>Proyecto de Delimitaci\u00f3n de Unidad de Ejecuci\u00f3n en Oj\u00e1iz, Santander: ED<\/li>\n<li><a href=\"http:\/\/www.urbem.eu\/wordpress\/?page_id=167\" target=\"_blank\" rel=\"noopener noreferrer\">A.A. 30 de Astillero: ED, PU, DO<\/a><\/li>\n<li><a href=\"http:\/\/www.urbem.eu\/wordpress\/?page_id=163\" target=\"_blank\" rel=\"noopener noreferrer\">A.A. 49 de Astillero: ED, PU, DO<\/a><\/li>\n<li>Sector 1 de Pi\u00e9lagos: PP, PU, DO<\/li>\n<li><a href=\"http:\/\/www.urbem.eu\/wordpress\/?page_id=186\" target=\"_blank\" rel=\"noopener noreferrer\">Sector 38, Santa Cruz de Bezana: PU<\/a><\/li>\n<li>Plan Parcial el Perujo, \u00a0Hazas de Cesto: PU<\/li>\n<li><a href=\"http:\/\/www.urbem.eu\/wordpress\/?p=1665\" target=\"_blank\" rel=\"noopener noreferrer\">Rumoroso URB-10, Polanco: PC,PU<\/a><\/li>\n<li><a href=\"https:\/\/www.urbem.eu\/wordpress\/?p=1727\" target=\"_blank\" rel=\"noopener noreferrer\">Asistencia t\u00e9cnica para la revisi\u00f3n del PGOU de Pi\u00e9lagos<\/a><\/li>\n<li><a href=\"https:\/\/www.urbem.eu\/wordpress\/?p=1857\" target=\"_blank\" rel=\"noopener noreferrer\">Plan Parcial Sector 22, Solares: P<\/a><\/li>\n<li><a href=\"https:\/\/www.urbem.eu\/wordpress\/?p=1822\" target=\"_blank\" rel=\"noopener noreferrer\">Proyecto de Urbanizaci\u00f3n correspondiente a la Fase I del PSIR de la AIEP n\u00ba10: PU<\/a><\/li>\n<\/ul>\n","protected":false},"excerpt":{"rendered":"<p>ED: Estudio de Detalle; PP: Plan Parcial; MP: Modificaci\u00f3n Puntual; PC: Proyecto de Compensaci\u00f3n; PU: Proyecto de Urbanizaci\u00f3n; DO: Direcci\u00f3n de Obra Sector VI El Valle &#8211; Pol\u00edgono 1, Torrelavega: DO Sector URB-10 PGOU Polanco: PC, PU, DO \u00c1rea 16 Altzate, Renter\u00eda-Lezo: Preestudios de ordenaci\u00f3n y gesti\u00f3n, modif. Plan Especial Sector Mant\u00faliz, Derio: Estudio de [&hellip;]<\/p>\n","protected":false},"author":1,"featured_media":0,"parent":0,"menu_order":0,"comment_status":"closed","ping_status":"closed","template":"page-templates\/full-width.php","meta":{"footnotes":""},"class_list":["post-8","page","type-page","status-publish","hentry"],"_links":{"self":[{"href":"https:\/\/www.urbem.eu\/wordpress\/index.php?rest_route=\/wp\/v2\/pages\/8","targetHints":{"allow":["GET"]}}],"collection":[{"href":"https:\/\/www.urbem.eu\/wordpress\/index.php?rest_route=\/wp\/v2\/pages"}],"about":[{"href":"https:\/\/www.urbem.eu\/wordpress\/index.php?rest_route=\/wp\/v2\/types\/page"}],"author":[{"embeddable":true,"href":"https:\/\/www.urbem.eu\/wordpress\/index.php?rest_route=\/wp\/v2\/users\/1"}],"replies":[{"embeddable":true,"href":"https:\/\/www.urbem.eu\/wordpress\/index.php?rest_route=%2Fwp%2Fv2%2Fcomments&post=8"}],"version-history":[{"count":27,"href":"https:\/\/www.urbem.eu\/wordpress\/index.php?rest_route=\/wp\/v2\/pages\/8\/revisions"}],"predecessor-version":[{"id":1861,"href":"https:\/\/www.urbem.eu\/wordpress\/index.php?rest_route=\/wp\/v2\/pages\/8\/revisions\/1861"}],"wp:attachment":[{"href":"https:\/\/www.urbem.eu\/wordpress\/index.php?rest_route=%2Fwp%2Fv2%2Fmedia&parent=8"}],"curies":[{"name":"wp","href":"https:\/\/api.w.org\/{rel}","templated":true}]}}