{"id":805,"date":"2014-04-14T08:57:30","date_gmt":"2014-04-14T07:57:30","guid":{"rendered":"http:\/\/www.urbem.eu\/wordpress\/?page_id=805"},"modified":"2015-12-04T12:59:55","modified_gmt":"2015-12-04T11:59:55","slug":"estudio-de-alternativas-para-renovacion-de-agua-potable-entre-zurita-y-viono","status":"publish","type":"page","link":"https:\/\/www.urbem.eu\/wordpress\/?page_id=805","title":{"rendered":"Estudio de Alternativas para renovaci\u00f3n de agua potable entre Zurita y Vio\u00f1o"},"content":{"rendered":"<h1>Zurita-Vio\u00f1o.\u00a0Pi\u00e9lagos, Cantabria.<\/h1>\n<p>Proyecto de Construcci\u00f3n.<\/p>\n<p>A\u00f1o de redacci\u00f3n: 2014<\/p>\n<p>Cliente: Ayuntamiento de Pi\u00e9lagos<\/p>\n<p><a href=\"http:\/\/www.urbem.eu\/wordpress\/wp-content\/uploads\/2014\/04\/Est-alternativas-Zurita-Vio\u00f1o_w.jpg\"><img loading=\"lazy\" decoding=\"async\" class=\"size-full wp-image-807 aligncenter\" src=\"http:\/\/www.urbem.eu\/wordpress\/wp-content\/uploads\/2014\/04\/Est-alternativas-Zurita-Vio\u00f1o_w.jpg\" alt=\"Est alternativas Zurita Vio\u00f1o_w\" width=\"850\" height=\"506\" srcset=\"https:\/\/www.urbem.eu\/wordpress\/wp-content\/uploads\/2014\/04\/Est-alternativas-Zurita-Vio\u00f1o_w.jpg 850w, https:\/\/www.urbem.eu\/wordpress\/wp-content\/uploads\/2014\/04\/Est-alternativas-Zurita-Vio\u00f1o_w-300x178.jpg 300w, https:\/\/www.urbem.eu\/wordpress\/wp-content\/uploads\/2014\/04\/Est-alternativas-Zurita-Vio\u00f1o_w-500x297.jpg 500w\" sizes=\"auto, (max-width: 850px) 100vw, 850px\" \/><\/a><\/p>\n<p>&nbsp;<\/p>\n<p style=\"text-align: justify;\">El objeto del documento es analizar las posibilidades de renovaci\u00f3n de una tuber\u00eda de FC100 perteneciente a la red de suministro de agua potable entre los n\u00facleos de Zurita y Vio\u00f1o de algo m\u00e1s de 2,5 km de longitud.<\/p>\n<p style=\"text-align: justify;\">Esta tuber\u00eda ha sufrido numerosos episodios de rotura, debido fundamentalmente a la fragilidad de la misma y su antig\u00fcedad, de m\u00e1s 30 a\u00f1os. Esto lleva a plantear su renovaci\u00f3n como mejor soluci\u00f3n para subsanar los defectos funcionales en la red y mejorar las condiciones del servicio, que es el objetivo final de la actuaci\u00f3n que se propone.<\/p>\n<p style=\"text-align: justify;\">Por otro lado, la conducci\u00f3n discurre por terrenos de titularidad privada, lo que provoca frecuentemente molestias y peque\u00f1os desperfectos en las fincas afectadas, por la necesidad de posicionar maquinaria para reparar la tuber\u00eda en esos terrenos.<\/p>\n","protected":false},"excerpt":{"rendered":"<p>Zurita-Vio\u00f1o.\u00a0Pi\u00e9lagos, Cantabria. Proyecto de Construcci\u00f3n. A\u00f1o de redacci\u00f3n: 2014 Cliente: Ayuntamiento de Pi\u00e9lagos &nbsp; El objeto del documento es analizar las posibilidades de renovaci\u00f3n de una tuber\u00eda de FC100 perteneciente a la red de suministro de agua potable entre los n\u00facleos de Zurita y Vio\u00f1o de algo m\u00e1s de 2,5 km de longitud. Esta tuber\u00eda [&hellip;]<\/p>\n","protected":false},"author":1,"featured_media":0,"parent":0,"menu_order":0,"comment_status":"closed","ping_status":"closed","template":"page-templates\/full-width.php","meta":{"footnotes":""},"class_list":["post-805","page","type-page","status-publish","hentry"],"_links":{"self":[{"href":"https:\/\/www.urbem.eu\/wordpress\/index.php?rest_route=\/wp\/v2\/pages\/805","targetHints":{"allow":["GET"]}}],"collection":[{"href":"https:\/\/www.urbem.eu\/wordpress\/index.php?rest_route=\/wp\/v2\/pages"}],"about":[{"href":"https:\/\/www.urbem.eu\/wordpress\/index.php?rest_route=\/wp\/v2\/types\/page"}],"author":[{"embeddable":true,"href":"https:\/\/www.urbem.eu\/wordpress\/index.php?rest_route=\/wp\/v2\/users\/1"}],"replies":[{"embeddable":true,"href":"https:\/\/www.urbem.eu\/wordpress\/index.php?rest_route=%2Fwp%2Fv2%2Fcomments&post=805"}],"version-history":[{"count":7,"href":"https:\/\/www.urbem.eu\/wordpress\/index.php?rest_route=\/wp\/v2\/pages\/805\/revisions"}],"predecessor-version":[{"id":1243,"href":"https:\/\/www.urbem.eu\/wordpress\/index.php?rest_route=\/wp\/v2\/pages\/805\/revisions\/1243"}],"wp:attachment":[{"href":"https:\/\/www.urbem.eu\/wordpress\/index.php?rest_route=%2Fwp%2Fv2%2Fmedia&parent=805"}],"curies":[{"name":"wp","href":"https:\/\/api.w.org\/{rel}","templated":true}]}}